{"id":3379,"date":"2025-02-21T09:05:15","date_gmt":"2025-02-21T08:05:15","guid":{"rendered":"https:\/\/gastroebre.es\/kit-paella-gourmet\/"},"modified":"2025-02-21T10:55:00","modified_gmt":"2025-02-21T09:55:00","slug":"kit-paella-gourmet","status":"publish","type":"product","link":"https:\/\/gastroebre.es\/es\/kit-paella-gourmet\/","title":{"rendered":"Kit Paella Gourmet"},"content":{"rendered":"","protected":false},"excerpt":{"rendered":"<p>\u00a1Triunfa en la cocina con nuestra selecci\u00f3n de productos para paella! \ud83e\udd58<\/p>\n<p>\ud83e\udd29 Sabores aut\u00e9nticos con ingredientes de primera calidad para un resultado excelente!<\/p>\n<p>\u2139\ufe0f<strong> Nuestro Kit incluye:<\/strong><\/p>\n<p><strong>1Kg de arroz Extra \u00abLa Polla d&#8217;Aigua\u00bb Marisma, cultivado en el coraz\u00f3n de la Reserva de la Biosfera del Delta del Ebro.<\/strong><\/p>\n<p><strong>1 Bote de Fumet de Pescado, Pescadores de La R\u00e0pita, elaborado artesanalmente con una cuidada selecci\u00f3n de pescado de la lonja de La R\u00e0pita.<\/strong><\/p>\n<p><strong>1 Sobre de Preparado para Paella. Nuestra selecci\u00f3n de especias para dar un toque de color y sabor extra a las mejores paellas.<\/strong><\/p>\n<p><strong>1 Pimiento Verde Italiano<\/strong><\/p>\n<p><strong>1 Pimiento Rojo<\/strong><\/p>\n<p><strong>1 Cebolla Seca<\/strong><\/p>\n<p><strong>1 Cabeza de Ajos<\/strong><\/p>\n<p><strong>6 Tomates Maduros<\/strong><\/p>\n<p><strong>\ud83c\udfa9\ud83e\ude84 Y de regalo un ramillete de perejil fresco para la mejor de las picadas.<\/strong><\/p>\n<p>\u00a1Ya disponible para env\u00edo a domicilio! \ud83d\ude9a\ud83d\udce6\ud83c\udfe0<\/p>\n<p>&nbsp;<\/p>\n","protected":false},"featured_media":3378,"template":"","meta":{"_acf_changed":false},"product_brand":[],"product_cat":[74,164],"product_tag":[],"class_list":{"0":"post-3379","1":"product","2":"type-product","3":"status-publish","4":"has-post-thumbnail","6":"product_cat-lo-rebost-del-riu","7":"product_cat-promociones","9":"first","10":"instock","11":"sale","12":"taxable","13":"shipping-taxable","14":"purchasable","15":"product-type-simple"},"acf":[],"yoast_head":"<!-- This site is optimized with the Yoast SEO plugin v27.1.1 - https:\/\/yoast.com\/product\/yoast-seo-wordpress\/ -->\n<title>Kit Paella Gourmet - Gastroebre<\/title>\n<meta name=\"robots\" content=\"index, follow, max-snippet:-1, max-image-preview:large, max-video-preview:-1\" \/>\n<link rel=\"canonical\" href=\"https:\/\/gastroebre.es\/es\/kit-paella-gourmet\/\" \/>\n<meta property=\"og:locale\" content=\"es_ES\" \/>\n<meta property=\"og:type\" content=\"article\" \/>\n<meta property=\"og:title\" content=\"Kit Paella Gourmet - Gastroebre\" \/>\n<meta property=\"og:description\" content=\"\u00a1Triunfa en la cocina con nuestra selecci\u00f3n de productos para paella! \ud83e\udd58  \ud83e\udd29 Sabores aut\u00e9nticos con ingredientes de primera calidad para un resultado excelente!  \u2139\ufe0f Nuestro Kit incluye:  1Kg de arroz Extra &quot;La Polla d&#039;Aigua&quot; Marisma, cultivado en el coraz\u00f3n de la Reserva de la Biosfera del Delta del Ebro.  1 Bote de Fumet de Pescado, Pescadores de La R\u00e0pita, elaborado artesanalmente con una cuidada selecci\u00f3n de pescado de la lonja de La R\u00e0pita.  1 Sobre de Preparado para Paella. Nuestra selecci\u00f3n de especias para dar un toque de color y sabor extra a las mejores paellas.  1 Pimiento Verde Italiano  1 Pimiento Rojo  1 Cebolla Seca  1 Cabeza de Ajos  6 Tomates Maduros  \ud83c\udfa9\ud83e\ude84 Y de regalo un ramillete de perejil fresco para la mejor de las picadas.  \u00a1Ya disponible para env\u00edo a domicilio! \ud83d\ude9a\ud83d\udce6\ud83c\udfe0  &nbsp;\" \/>\n<meta property=\"og:url\" content=\"https:\/\/gastroebre.es\/es\/kit-paella-gourmet\/\" \/>\n<meta property=\"og:site_name\" content=\"Gastroebre\" \/>\n<meta property=\"article:modified_time\" content=\"2025-02-21T09:55:00+00:00\" \/>\n<meta property=\"og:image\" content=\"https:\/\/gastroebre-es-416274.hostingersite.com\/wp-content\/uploads\/2025\/02\/Kit-Paella-Gourmet-copia.jpg\" \/>\n\t<meta property=\"og:image:width\" content=\"1000\" \/>\n\t<meta property=\"og:image:height\" content=\"1000\" \/>\n\t<meta property=\"og:image:type\" content=\"image\/jpeg\" \/>\n<meta name=\"twitter:card\" content=\"summary_large_image\" \/>\n<meta name=\"twitter:label1\" content=\"Tiempo de lectura\" \/>\n\t<meta name=\"twitter:data1\" content=\"1 minuto\" \/>\n<script type=\"application\/ld+json\" class=\"yoast-schema-graph\">{\"@context\":\"https:\/\/schema.org\",\"@graph\":[{\"@type\":\"WebPage\",\"@id\":\"https:\/\/gastroebre.es\/es\/kit-paella-gourmet\/\",\"url\":\"https:\/\/gastroebre.es\/es\/kit-paella-gourmet\/\",\"name\":\"Kit Paella Gourmet - Gastroebre\",\"isPartOf\":{\"@id\":\"https:\/\/gastroebre-es-416274.hostingersite.com\/#website\"},\"primaryImageOfPage\":{\"@id\":\"https:\/\/gastroebre.es\/es\/kit-paella-gourmet\/#primaryimage\"},\"image\":{\"@id\":\"https:\/\/gastroebre.es\/es\/kit-paella-gourmet\/#primaryimage\"},\"thumbnailUrl\":\"https:\/\/gastroebre.es\/wp-content\/uploads\/2025\/02\/Kit-Paella-Gourmet-copia.jpg\",\"datePublished\":\"2025-02-21T08:05:15+00:00\",\"dateModified\":\"2025-02-21T09:55:00+00:00\",\"breadcrumb\":{\"@id\":\"https:\/\/gastroebre.es\/es\/kit-paella-gourmet\/#breadcrumb\"},\"inLanguage\":\"es\",\"potentialAction\":[{\"@type\":\"ReadAction\",\"target\":[\"https:\/\/gastroebre.es\/es\/kit-paella-gourmet\/\"]}]},{\"@type\":\"ImageObject\",\"inLanguage\":\"es\",\"@id\":\"https:\/\/gastroebre.es\/es\/kit-paella-gourmet\/#primaryimage\",\"url\":\"https:\/\/gastroebre.es\/wp-content\/uploads\/2025\/02\/Kit-Paella-Gourmet-copia.jpg\",\"contentUrl\":\"https:\/\/gastroebre.es\/wp-content\/uploads\/2025\/02\/Kit-Paella-Gourmet-copia.jpg\",\"width\":1000,\"height\":1000},{\"@type\":\"BreadcrumbList\",\"@id\":\"https:\/\/gastroebre.es\/es\/kit-paella-gourmet\/#breadcrumb\",\"itemListElement\":[{\"@type\":\"ListItem\",\"position\":1,\"name\":\"Portada\",\"item\":\"https:\/\/gastroebre.es\/es\/\"},{\"@type\":\"ListItem\",\"position\":2,\"name\":\"Tienda\",\"item\":\"https:\/\/gastroebre-es-416274.hostingersite.com\/es\/tienda\/\"},{\"@type\":\"ListItem\",\"position\":3,\"name\":\"Kit Paella Gourmet\"}]},{\"@type\":\"WebSite\",\"@id\":\"https:\/\/gastroebre-es-416274.hostingersite.com\/#website\",\"url\":\"https:\/\/gastroebre-es-416274.hostingersite.com\/\",\"name\":\"Gastroebre\",\"description\":\"\",\"publisher\":{\"@id\":\"https:\/\/gastroebre-es-416274.hostingersite.com\/#organization\"},\"potentialAction\":[{\"@type\":\"SearchAction\",\"target\":{\"@type\":\"EntryPoint\",\"urlTemplate\":\"https:\/\/gastroebre-es-416274.hostingersite.com\/?s={search_term_string}\"},\"query-input\":{\"@type\":\"PropertyValueSpecification\",\"valueRequired\":true,\"valueName\":\"search_term_string\"}}],\"inLanguage\":\"es\"},{\"@type\":\"Organization\",\"@id\":\"https:\/\/gastroebre-es-416274.hostingersite.com\/#organization\",\"name\":\"Gastroebre\",\"url\":\"https:\/\/gastroebre-es-416274.hostingersite.com\/\",\"logo\":{\"@type\":\"ImageObject\",\"inLanguage\":\"es\",\"@id\":\"https:\/\/gastroebre-es-416274.hostingersite.com\/#\/schema\/logo\/image\/\",\"url\":\"https:\/\/gastroebre.es\/wp-content\/uploads\/2024\/11\/cropped-GastroEbre.webp\",\"contentUrl\":\"https:\/\/gastroebre.es\/wp-content\/uploads\/2024\/11\/cropped-GastroEbre.webp\",\"width\":983,\"height\":196,\"caption\":\"Gastroebre\"},\"image\":{\"@id\":\"https:\/\/gastroebre-es-416274.hostingersite.com\/#\/schema\/logo\/image\/\"}}]}<\/script>\n<!-- \/ Yoast SEO plugin. -->","yoast_head_json":{"title":"Kit Paella Gourmet - Gastroebre","robots":{"index":"index","follow":"follow","max-snippet":"max-snippet:-1","max-image-preview":"max-image-preview:large","max-video-preview":"max-video-preview:-1"},"canonical":"https:\/\/gastroebre.es\/es\/kit-paella-gourmet\/","og_locale":"es_ES","og_type":"article","og_title":"Kit Paella Gourmet - Gastroebre","og_description":"\u00a1Triunfa en la cocina con nuestra selecci\u00f3n de productos para paella! \ud83e\udd58  \ud83e\udd29 Sabores aut\u00e9nticos con ingredientes de primera calidad para un resultado excelente!  \u2139\ufe0f Nuestro Kit incluye:  1Kg de arroz Extra \"La Polla d'Aigua\" Marisma, cultivado en el coraz\u00f3n de la Reserva de la Biosfera del Delta del Ebro.  1 Bote de Fumet de Pescado, Pescadores de La R\u00e0pita, elaborado artesanalmente con una cuidada selecci\u00f3n de pescado de la lonja de La R\u00e0pita.  1 Sobre de Preparado para Paella. Nuestra selecci\u00f3n de especias para dar un toque de color y sabor extra a las mejores paellas.  1 Pimiento Verde Italiano  1 Pimiento Rojo  1 Cebolla Seca  1 Cabeza de Ajos  6 Tomates Maduros  \ud83c\udfa9\ud83e\ude84 Y de regalo un ramillete de perejil fresco para la mejor de las picadas.  \u00a1Ya disponible para env\u00edo a domicilio! \ud83d\ude9a\ud83d\udce6\ud83c\udfe0  &nbsp;","og_url":"https:\/\/gastroebre.es\/es\/kit-paella-gourmet\/","og_site_name":"Gastroebre","article_modified_time":"2025-02-21T09:55:00+00:00","og_image":[{"width":1000,"height":1000,"url":"https:\/\/gastroebre-es-416274.hostingersite.com\/wp-content\/uploads\/2025\/02\/Kit-Paella-Gourmet-copia.jpg","type":"image\/jpeg"}],"twitter_card":"summary_large_image","twitter_misc":{"Tiempo de lectura":"1 minuto"},"schema":{"@context":"https:\/\/schema.org","@graph":[{"@type":"WebPage","@id":"https:\/\/gastroebre.es\/es\/kit-paella-gourmet\/","url":"https:\/\/gastroebre.es\/es\/kit-paella-gourmet\/","name":"Kit Paella Gourmet - Gastroebre","isPartOf":{"@id":"https:\/\/gastroebre-es-416274.hostingersite.com\/#website"},"primaryImageOfPage":{"@id":"https:\/\/gastroebre.es\/es\/kit-paella-gourmet\/#primaryimage"},"image":{"@id":"https:\/\/gastroebre.es\/es\/kit-paella-gourmet\/#primaryimage"},"thumbnailUrl":"https:\/\/gastroebre.es\/wp-content\/uploads\/2025\/02\/Kit-Paella-Gourmet-copia.jpg","datePublished":"2025-02-21T08:05:15+00:00","dateModified":"2025-02-21T09:55:00+00:00","breadcrumb":{"@id":"https:\/\/gastroebre.es\/es\/kit-paella-gourmet\/#breadcrumb"},"inLanguage":"es","potentialAction":[{"@type":"ReadAction","target":["https:\/\/gastroebre.es\/es\/kit-paella-gourmet\/"]}]},{"@type":"ImageObject","inLanguage":"es","@id":"https:\/\/gastroebre.es\/es\/kit-paella-gourmet\/#primaryimage","url":"https:\/\/gastroebre.es\/wp-content\/uploads\/2025\/02\/Kit-Paella-Gourmet-copia.jpg","contentUrl":"https:\/\/gastroebre.es\/wp-content\/uploads\/2025\/02\/Kit-Paella-Gourmet-copia.jpg","width":1000,"height":1000},{"@type":"BreadcrumbList","@id":"https:\/\/gastroebre.es\/es\/kit-paella-gourmet\/#breadcrumb","itemListElement":[{"@type":"ListItem","position":1,"name":"Portada","item":"https:\/\/gastroebre.es\/es\/"},{"@type":"ListItem","position":2,"name":"Tienda","item":"https:\/\/gastroebre-es-416274.hostingersite.com\/es\/tienda\/"},{"@type":"ListItem","position":3,"name":"Kit Paella Gourmet"}]},{"@type":"WebSite","@id":"https:\/\/gastroebre-es-416274.hostingersite.com\/#website","url":"https:\/\/gastroebre-es-416274.hostingersite.com\/","name":"Gastroebre","description":"","publisher":{"@id":"https:\/\/gastroebre-es-416274.hostingersite.com\/#organization"},"potentialAction":[{"@type":"SearchAction","target":{"@type":"EntryPoint","urlTemplate":"https:\/\/gastroebre-es-416274.hostingersite.com\/?s={search_term_string}"},"query-input":{"@type":"PropertyValueSpecification","valueRequired":true,"valueName":"search_term_string"}}],"inLanguage":"es"},{"@type":"Organization","@id":"https:\/\/gastroebre-es-416274.hostingersite.com\/#organization","name":"Gastroebre","url":"https:\/\/gastroebre-es-416274.hostingersite.com\/","logo":{"@type":"ImageObject","inLanguage":"es","@id":"https:\/\/gastroebre-es-416274.hostingersite.com\/#\/schema\/logo\/image\/","url":"https:\/\/gastroebre.es\/wp-content\/uploads\/2024\/11\/cropped-GastroEbre.webp","contentUrl":"https:\/\/gastroebre.es\/wp-content\/uploads\/2024\/11\/cropped-GastroEbre.webp","width":983,"height":196,"caption":"Gastroebre"},"image":{"@id":"https:\/\/gastroebre-es-416274.hostingersite.com\/#\/schema\/logo\/image\/"}}]}},"_links":{"self":[{"href":"https:\/\/gastroebre.es\/es\/wp-json\/wp\/v2\/product\/3379","targetHints":{"allow":["GET"]}}],"collection":[{"href":"https:\/\/gastroebre.es\/es\/wp-json\/wp\/v2\/product"}],"about":[{"href":"https:\/\/gastroebre.es\/es\/wp-json\/wp\/v2\/types\/product"}],"wp:featuredmedia":[{"embeddable":true,"href":"https:\/\/gastroebre.es\/es\/wp-json\/wp\/v2\/media\/3378"}],"wp:attachment":[{"href":"https:\/\/gastroebre.es\/es\/wp-json\/wp\/v2\/media?parent=3379"}],"wp:term":[{"taxonomy":"product_brand","embeddable":true,"href":"https:\/\/gastroebre.es\/es\/wp-json\/wp\/v2\/product_brand?post=3379"},{"taxonomy":"product_cat","embeddable":true,"href":"https:\/\/gastroebre.es\/es\/wp-json\/wp\/v2\/product_cat?post=3379"},{"taxonomy":"product_tag","embeddable":true,"href":"https:\/\/gastroebre.es\/es\/wp-json\/wp\/v2\/product_tag?post=3379"}],"curies":[{"name":"wp","href":"https:\/\/api.w.org\/{rel}","templated":true}]}}