{"id":2606,"date":"2024-12-24T08:38:45","date_gmt":"2024-12-24T07:38:45","guid":{"rendered":"https:\/\/gastroebre.es\/miel-de-romero-artesana-490g\/"},"modified":"2025-01-17T14:32:06","modified_gmt":"2025-01-17T13:32:06","slug":"miel-de-romero-artesana-490g","status":"publish","type":"product","link":"https:\/\/gastroebre.es\/es\/miel-de-romero-artesana-490g\/","title":{"rendered":"Miel de Romero Artesana (490g)"},"content":{"rendered":"<p>\ud83c\udf6f Esta miel de romero se obtiene de forma artesana por apicultores del Perell\u00f3. Elaborada minuciosamente por las abejas a partir de las flores del romero se caracteriza por su suavidad y su aroma floral y dulce. \ufe0f<\/p>\n<p>\ud83c\udf7d\ufe0f La miel nos puede acompa\u00f1ar a nuestra dieta de muchas formas, la podemos consumir sola o utilizarla como edulcorante natural en caf\u00e9s, infusiones, yogures, bizcochos y otros tipos de postres. Y tambi\u00e9n podemos encontrarla en vinagretas y otras preparaciones. Otorgando siempre su caracter\u00edstico toque floral que nunca pasa desapercibido.<\/p>\n<p>\ud83d\udcaa\ud83c\udffc A la miel de romero se le asocian m\u00faltiples beneficios para la salud. Es rica en propiedades digestivas, bals\u00e1micas, antis\u00e9pticas y pectorales. Nos puede ayudar a combatir resfriados y aliviar dolores de garganta y tos.<\/p>\n","protected":false},"excerpt":{"rendered":"<p>Miel de Romero hecha por apicultores del Perell\u00f3, el pueblo de la miel.<br \/>\nFloral suave y delicada&#8230; \u00a1Deliciosa! \ud83d\udc1d<\/p>\n","protected":false},"featured_media":1967,"template":"","meta":{"_acf_changed":false},"product_brand":[],"product_cat":[74,80],"product_tag":[102],"class_list":{"0":"post-2606","1":"product","2":"type-product","3":"status-publish","4":"has-post-thumbnail","6":"product_cat-lo-rebost-del-riu","7":"product_cat-mieles-y-mermeladas","8":"product_tag-tierras-del-ebro","10":"first","11":"instock","12":"taxable","13":"shipping-taxable","14":"purchasable","15":"product-type-simple"},"acf":[],"yoast_head":"<!-- This site is optimized with the Yoast SEO plugin v27.1.1 - https:\/\/yoast.com\/product\/yoast-seo-wordpress\/ -->\n<title>Miel de Romero Artesana (490g) - Gastroebre<\/title>\n<meta name=\"robots\" content=\"index, follow, max-snippet:-1, max-image-preview:large, max-video-preview:-1\" \/>\n<link rel=\"canonical\" href=\"https:\/\/gastroebre.es\/es\/miel-de-romero-artesana-490g\/\" \/>\n<meta property=\"og:locale\" content=\"es_ES\" \/>\n<meta property=\"og:type\" content=\"article\" \/>\n<meta property=\"og:title\" content=\"Miel de Romero Artesana (490g) - Gastroebre\" \/>\n<meta property=\"og:description\" content=\"Miel de Romero hecha por apicultores del Perell\u00f3, el pueblo de la miel. Floral suave y delicada... \u00a1Deliciosa! \ud83d\udc1d\" \/>\n<meta property=\"og:url\" content=\"https:\/\/gastroebre.es\/es\/miel-de-romero-artesana-490g\/\" \/>\n<meta property=\"og:site_name\" content=\"Gastroebre\" \/>\n<meta property=\"article:modified_time\" content=\"2025-01-17T13:32:06+00:00\" \/>\n<meta property=\"og:image\" content=\"https:\/\/gastroebre-es-416274.hostingersite.com\/wp-content\/uploads\/2024\/12\/Mel-de-romer.png\" \/>\n\t<meta property=\"og:image:width\" content=\"800\" \/>\n\t<meta property=\"og:image:height\" content=\"800\" \/>\n\t<meta property=\"og:image:type\" content=\"image\/png\" \/>\n<meta name=\"twitter:card\" content=\"summary_large_image\" \/>\n<meta name=\"twitter:label1\" content=\"Tiempo de lectura\" \/>\n\t<meta name=\"twitter:data1\" content=\"1 minuto\" \/>\n<script type=\"application\/ld+json\" class=\"yoast-schema-graph\">{\"@context\":\"https:\/\/schema.org\",\"@graph\":[{\"@type\":\"WebPage\",\"@id\":\"https:\/\/gastroebre.es\/es\/miel-de-romero-artesana-490g\/\",\"url\":\"https:\/\/gastroebre.es\/es\/miel-de-romero-artesana-490g\/\",\"name\":\"Miel de Romero Artesana (490g) - Gastroebre\",\"isPartOf\":{\"@id\":\"https:\/\/gastroebre-es-416274.hostingersite.com\/#website\"},\"primaryImageOfPage\":{\"@id\":\"https:\/\/gastroebre.es\/es\/miel-de-romero-artesana-490g\/#primaryimage\"},\"image\":{\"@id\":\"https:\/\/gastroebre.es\/es\/miel-de-romero-artesana-490g\/#primaryimage\"},\"thumbnailUrl\":\"https:\/\/gastroebre.es\/wp-content\/uploads\/2024\/12\/Mel-de-romer.png\",\"datePublished\":\"2024-12-24T07:38:45+00:00\",\"dateModified\":\"2025-01-17T13:32:06+00:00\",\"breadcrumb\":{\"@id\":\"https:\/\/gastroebre.es\/es\/miel-de-romero-artesana-490g\/#breadcrumb\"},\"inLanguage\":\"es\",\"potentialAction\":[{\"@type\":\"ReadAction\",\"target\":[\"https:\/\/gastroebre.es\/es\/miel-de-romero-artesana-490g\/\"]}]},{\"@type\":\"ImageObject\",\"inLanguage\":\"es\",\"@id\":\"https:\/\/gastroebre.es\/es\/miel-de-romero-artesana-490g\/#primaryimage\",\"url\":\"https:\/\/gastroebre.es\/wp-content\/uploads\/2024\/12\/Mel-de-romer.png\",\"contentUrl\":\"https:\/\/gastroebre.es\/wp-content\/uploads\/2024\/12\/Mel-de-romer.png\",\"width\":800,\"height\":800},{\"@type\":\"BreadcrumbList\",\"@id\":\"https:\/\/gastroebre.es\/es\/miel-de-romero-artesana-490g\/#breadcrumb\",\"itemListElement\":[{\"@type\":\"ListItem\",\"position\":1,\"name\":\"Portada\",\"item\":\"https:\/\/gastroebre.es\/es\/\"},{\"@type\":\"ListItem\",\"position\":2,\"name\":\"Tienda\",\"item\":\"https:\/\/gastroebre-es-416274.hostingersite.com\/es\/tienda\/\"},{\"@type\":\"ListItem\",\"position\":3,\"name\":\"Miel de Romero Artesana (490g)\"}]},{\"@type\":\"WebSite\",\"@id\":\"https:\/\/gastroebre-es-416274.hostingersite.com\/#website\",\"url\":\"https:\/\/gastroebre-es-416274.hostingersite.com\/\",\"name\":\"Gastroebre\",\"description\":\"\",\"publisher\":{\"@id\":\"https:\/\/gastroebre-es-416274.hostingersite.com\/#organization\"},\"potentialAction\":[{\"@type\":\"SearchAction\",\"target\":{\"@type\":\"EntryPoint\",\"urlTemplate\":\"https:\/\/gastroebre-es-416274.hostingersite.com\/?s={search_term_string}\"},\"query-input\":{\"@type\":\"PropertyValueSpecification\",\"valueRequired\":true,\"valueName\":\"search_term_string\"}}],\"inLanguage\":\"es\"},{\"@type\":\"Organization\",\"@id\":\"https:\/\/gastroebre-es-416274.hostingersite.com\/#organization\",\"name\":\"Gastroebre\",\"url\":\"https:\/\/gastroebre-es-416274.hostingersite.com\/\",\"logo\":{\"@type\":\"ImageObject\",\"inLanguage\":\"es\",\"@id\":\"https:\/\/gastroebre-es-416274.hostingersite.com\/#\/schema\/logo\/image\/\",\"url\":\"https:\/\/gastroebre.es\/wp-content\/uploads\/2024\/11\/cropped-GastroEbre.webp\",\"contentUrl\":\"https:\/\/gastroebre.es\/wp-content\/uploads\/2024\/11\/cropped-GastroEbre.webp\",\"width\":983,\"height\":196,\"caption\":\"Gastroebre\"},\"image\":{\"@id\":\"https:\/\/gastroebre-es-416274.hostingersite.com\/#\/schema\/logo\/image\/\"}}]}<\/script>\n<!-- \/ Yoast SEO plugin. -->","yoast_head_json":{"title":"Miel de Romero Artesana (490g) - Gastroebre","robots":{"index":"index","follow":"follow","max-snippet":"max-snippet:-1","max-image-preview":"max-image-preview:large","max-video-preview":"max-video-preview:-1"},"canonical":"https:\/\/gastroebre.es\/es\/miel-de-romero-artesana-490g\/","og_locale":"es_ES","og_type":"article","og_title":"Miel de Romero Artesana (490g) - Gastroebre","og_description":"Miel de Romero hecha por apicultores del Perell\u00f3, el pueblo de la miel. Floral suave y delicada... \u00a1Deliciosa! \ud83d\udc1d","og_url":"https:\/\/gastroebre.es\/es\/miel-de-romero-artesana-490g\/","og_site_name":"Gastroebre","article_modified_time":"2025-01-17T13:32:06+00:00","og_image":[{"width":800,"height":800,"url":"https:\/\/gastroebre-es-416274.hostingersite.com\/wp-content\/uploads\/2024\/12\/Mel-de-romer.png","type":"image\/png"}],"twitter_card":"summary_large_image","twitter_misc":{"Tiempo de lectura":"1 minuto"},"schema":{"@context":"https:\/\/schema.org","@graph":[{"@type":"WebPage","@id":"https:\/\/gastroebre.es\/es\/miel-de-romero-artesana-490g\/","url":"https:\/\/gastroebre.es\/es\/miel-de-romero-artesana-490g\/","name":"Miel de Romero Artesana (490g) - Gastroebre","isPartOf":{"@id":"https:\/\/gastroebre-es-416274.hostingersite.com\/#website"},"primaryImageOfPage":{"@id":"https:\/\/gastroebre.es\/es\/miel-de-romero-artesana-490g\/#primaryimage"},"image":{"@id":"https:\/\/gastroebre.es\/es\/miel-de-romero-artesana-490g\/#primaryimage"},"thumbnailUrl":"https:\/\/gastroebre.es\/wp-content\/uploads\/2024\/12\/Mel-de-romer.png","datePublished":"2024-12-24T07:38:45+00:00","dateModified":"2025-01-17T13:32:06+00:00","breadcrumb":{"@id":"https:\/\/gastroebre.es\/es\/miel-de-romero-artesana-490g\/#breadcrumb"},"inLanguage":"es","potentialAction":[{"@type":"ReadAction","target":["https:\/\/gastroebre.es\/es\/miel-de-romero-artesana-490g\/"]}]},{"@type":"ImageObject","inLanguage":"es","@id":"https:\/\/gastroebre.es\/es\/miel-de-romero-artesana-490g\/#primaryimage","url":"https:\/\/gastroebre.es\/wp-content\/uploads\/2024\/12\/Mel-de-romer.png","contentUrl":"https:\/\/gastroebre.es\/wp-content\/uploads\/2024\/12\/Mel-de-romer.png","width":800,"height":800},{"@type":"BreadcrumbList","@id":"https:\/\/gastroebre.es\/es\/miel-de-romero-artesana-490g\/#breadcrumb","itemListElement":[{"@type":"ListItem","position":1,"name":"Portada","item":"https:\/\/gastroebre.es\/es\/"},{"@type":"ListItem","position":2,"name":"Tienda","item":"https:\/\/gastroebre-es-416274.hostingersite.com\/es\/tienda\/"},{"@type":"ListItem","position":3,"name":"Miel de Romero Artesana (490g)"}]},{"@type":"WebSite","@id":"https:\/\/gastroebre-es-416274.hostingersite.com\/#website","url":"https:\/\/gastroebre-es-416274.hostingersite.com\/","name":"Gastroebre","description":"","publisher":{"@id":"https:\/\/gastroebre-es-416274.hostingersite.com\/#organization"},"potentialAction":[{"@type":"SearchAction","target":{"@type":"EntryPoint","urlTemplate":"https:\/\/gastroebre-es-416274.hostingersite.com\/?s={search_term_string}"},"query-input":{"@type":"PropertyValueSpecification","valueRequired":true,"valueName":"search_term_string"}}],"inLanguage":"es"},{"@type":"Organization","@id":"https:\/\/gastroebre-es-416274.hostingersite.com\/#organization","name":"Gastroebre","url":"https:\/\/gastroebre-es-416274.hostingersite.com\/","logo":{"@type":"ImageObject","inLanguage":"es","@id":"https:\/\/gastroebre-es-416274.hostingersite.com\/#\/schema\/logo\/image\/","url":"https:\/\/gastroebre.es\/wp-content\/uploads\/2024\/11\/cropped-GastroEbre.webp","contentUrl":"https:\/\/gastroebre.es\/wp-content\/uploads\/2024\/11\/cropped-GastroEbre.webp","width":983,"height":196,"caption":"Gastroebre"},"image":{"@id":"https:\/\/gastroebre-es-416274.hostingersite.com\/#\/schema\/logo\/image\/"}}]}},"_links":{"self":[{"href":"https:\/\/gastroebre.es\/es\/wp-json\/wp\/v2\/product\/2606","targetHints":{"allow":["GET"]}}],"collection":[{"href":"https:\/\/gastroebre.es\/es\/wp-json\/wp\/v2\/product"}],"about":[{"href":"https:\/\/gastroebre.es\/es\/wp-json\/wp\/v2\/types\/product"}],"wp:featuredmedia":[{"embeddable":true,"href":"https:\/\/gastroebre.es\/es\/wp-json\/wp\/v2\/media\/1967"}],"wp:attachment":[{"href":"https:\/\/gastroebre.es\/es\/wp-json\/wp\/v2\/media?parent=2606"}],"wp:term":[{"taxonomy":"product_brand","embeddable":true,"href":"https:\/\/gastroebre.es\/es\/wp-json\/wp\/v2\/product_brand?post=2606"},{"taxonomy":"product_cat","embeddable":true,"href":"https:\/\/gastroebre.es\/es\/wp-json\/wp\/v2\/product_cat?post=2606"},{"taxonomy":"product_tag","embeddable":true,"href":"https:\/\/gastroebre.es\/es\/wp-json\/wp\/v2\/product_tag?post=2606"}],"curies":[{"name":"wp","href":"https:\/\/api.w.org\/{rel}","templated":true}]}}