{"id":2594,"date":"2024-12-24T10:44:43","date_gmt":"2024-12-24T09:44:43","guid":{"rendered":"https:\/\/gastroebre.es\/tomate-asado-a-la-lena-470g\/"},"modified":"2025-01-17T13:57:25","modified_gmt":"2025-01-17T12:57:25","slug":"tomate-asado-a-la-lena-470g","status":"publish","type":"product","link":"https:\/\/gastroebre.es\/es\/tomate-asado-a-la-lena-470g\/","title":{"rendered":"Tomate Asado a la Le\u00f1a (470g)"},"content":{"rendered":"<p>\ud83c\udf45 El tomate asado forma parte de la base de nuestra gastronom\u00eda popular y ha estado presente en nuestros platos durante generaciones. Mil sabores de lo mejor de los huertos de casa con el\u00a0 aroma de la le\u00f1a, que ahora ya podemos disfrutar preparado, sin esfuerzos y 100% natrural. Libre de aditivos y conservantes, \u00a1pero con todo el sabor! \ufe0f<\/p>\n<p>\ud83c\udf7d\ufe0f En la cocina lo podemos disfrutar de muchas maneras, como por ejemplo como base para la pasta o para acompa\u00f1ar cualquier plato de carne o pescado donde con un chorre\u00f3n de nuestro Aceite de Oliva Virgen Extra \u201cLo Pont de l&#8217;\u00c0lia\u201d nos transportar\u00e1 a la cocina de antes, la de los abuelos, la hecha en casa.<\/p>\n","protected":false},"excerpt":{"rendered":"<p>La tradici\u00f3n de la cocina Catalana, hecha a la le\u00f1a \u2764\ufe0f<\/p>\n","protected":false},"featured_media":1989,"template":"","meta":{"_acf_changed":false},"product_brand":[],"product_cat":[75,74],"product_tag":[102],"class_list":{"0":"post-2594","1":"product","2":"type-product","3":"status-publish","4":"has-post-thumbnail","6":"product_cat-caldos-cremas-sales","7":"product_cat-lo-rebost-del-riu","8":"product_tag-tierras-del-ebro","10":"first","11":"instock","12":"taxable","13":"shipping-taxable","14":"purchasable","15":"product-type-simple"},"acf":[],"yoast_head":"<!-- This site is optimized with the Yoast SEO plugin v27.1.1 - https:\/\/yoast.com\/product\/yoast-seo-wordpress\/ -->\n<title>Tomate Asado a la Le\u00f1a (470g) - Gastroebre<\/title>\n<meta name=\"robots\" content=\"index, follow, max-snippet:-1, max-image-preview:large, max-video-preview:-1\" \/>\n<link rel=\"canonical\" href=\"https:\/\/gastroebre.es\/es\/tomate-asado-a-la-lena-470g\/\" \/>\n<meta property=\"og:locale\" content=\"es_ES\" \/>\n<meta property=\"og:type\" content=\"article\" \/>\n<meta property=\"og:title\" content=\"Tomate Asado a la Le\u00f1a (470g) - Gastroebre\" \/>\n<meta property=\"og:description\" content=\"La tradici\u00f3n de la cocina Catalana, hecha a la le\u00f1a \u2764\ufe0f\" \/>\n<meta property=\"og:url\" content=\"https:\/\/gastroebre.es\/es\/tomate-asado-a-la-lena-470g\/\" \/>\n<meta property=\"og:site_name\" content=\"Gastroebre\" \/>\n<meta property=\"article:modified_time\" content=\"2025-01-17T12:57:25+00:00\" \/>\n<meta property=\"og:image\" content=\"https:\/\/gastroebre-es-416274.hostingersite.com\/wp-content\/uploads\/2024\/12\/Tomata-Rostida.png\" \/>\n\t<meta property=\"og:image:width\" content=\"800\" \/>\n\t<meta property=\"og:image:height\" content=\"800\" \/>\n\t<meta property=\"og:image:type\" content=\"image\/png\" \/>\n<meta name=\"twitter:card\" content=\"summary_large_image\" \/>\n<meta name=\"twitter:label1\" content=\"Tiempo de lectura\" \/>\n\t<meta name=\"twitter:data1\" content=\"1 minuto\" \/>\n<script type=\"application\/ld+json\" class=\"yoast-schema-graph\">{\"@context\":\"https:\/\/schema.org\",\"@graph\":[{\"@type\":\"WebPage\",\"@id\":\"https:\/\/gastroebre.es\/es\/tomate-asado-a-la-lena-470g\/\",\"url\":\"https:\/\/gastroebre.es\/es\/tomate-asado-a-la-lena-470g\/\",\"name\":\"Tomate Asado a la Le\u00f1a (470g) - Gastroebre\",\"isPartOf\":{\"@id\":\"https:\/\/gastroebre-es-416274.hostingersite.com\/#website\"},\"primaryImageOfPage\":{\"@id\":\"https:\/\/gastroebre.es\/es\/tomate-asado-a-la-lena-470g\/#primaryimage\"},\"image\":{\"@id\":\"https:\/\/gastroebre.es\/es\/tomate-asado-a-la-lena-470g\/#primaryimage\"},\"thumbnailUrl\":\"https:\/\/gastroebre.es\/wp-content\/uploads\/2024\/12\/Tomata-Rostida.png\",\"datePublished\":\"2024-12-24T09:44:43+00:00\",\"dateModified\":\"2025-01-17T12:57:25+00:00\",\"breadcrumb\":{\"@id\":\"https:\/\/gastroebre.es\/es\/tomate-asado-a-la-lena-470g\/#breadcrumb\"},\"inLanguage\":\"es\",\"potentialAction\":[{\"@type\":\"ReadAction\",\"target\":[\"https:\/\/gastroebre.es\/es\/tomate-asado-a-la-lena-470g\/\"]}]},{\"@type\":\"ImageObject\",\"inLanguage\":\"es\",\"@id\":\"https:\/\/gastroebre.es\/es\/tomate-asado-a-la-lena-470g\/#primaryimage\",\"url\":\"https:\/\/gastroebre.es\/wp-content\/uploads\/2024\/12\/Tomata-Rostida.png\",\"contentUrl\":\"https:\/\/gastroebre.es\/wp-content\/uploads\/2024\/12\/Tomata-Rostida.png\",\"width\":800,\"height\":800},{\"@type\":\"BreadcrumbList\",\"@id\":\"https:\/\/gastroebre.es\/es\/tomate-asado-a-la-lena-470g\/#breadcrumb\",\"itemListElement\":[{\"@type\":\"ListItem\",\"position\":1,\"name\":\"Portada\",\"item\":\"https:\/\/gastroebre.es\/es\/\"},{\"@type\":\"ListItem\",\"position\":2,\"name\":\"Tienda\",\"item\":\"https:\/\/gastroebre-es-416274.hostingersite.com\/es\/tienda\/\"},{\"@type\":\"ListItem\",\"position\":3,\"name\":\"Tomate Asado a la Le\u00f1a (470g)\"}]},{\"@type\":\"WebSite\",\"@id\":\"https:\/\/gastroebre-es-416274.hostingersite.com\/#website\",\"url\":\"https:\/\/gastroebre-es-416274.hostingersite.com\/\",\"name\":\"Gastroebre\",\"description\":\"\",\"publisher\":{\"@id\":\"https:\/\/gastroebre-es-416274.hostingersite.com\/#organization\"},\"potentialAction\":[{\"@type\":\"SearchAction\",\"target\":{\"@type\":\"EntryPoint\",\"urlTemplate\":\"https:\/\/gastroebre-es-416274.hostingersite.com\/?s={search_term_string}\"},\"query-input\":{\"@type\":\"PropertyValueSpecification\",\"valueRequired\":true,\"valueName\":\"search_term_string\"}}],\"inLanguage\":\"es\"},{\"@type\":\"Organization\",\"@id\":\"https:\/\/gastroebre-es-416274.hostingersite.com\/#organization\",\"name\":\"Gastroebre\",\"url\":\"https:\/\/gastroebre-es-416274.hostingersite.com\/\",\"logo\":{\"@type\":\"ImageObject\",\"inLanguage\":\"es\",\"@id\":\"https:\/\/gastroebre-es-416274.hostingersite.com\/#\/schema\/logo\/image\/\",\"url\":\"https:\/\/gastroebre.es\/wp-content\/uploads\/2024\/11\/cropped-GastroEbre.webp\",\"contentUrl\":\"https:\/\/gastroebre.es\/wp-content\/uploads\/2024\/11\/cropped-GastroEbre.webp\",\"width\":983,\"height\":196,\"caption\":\"Gastroebre\"},\"image\":{\"@id\":\"https:\/\/gastroebre-es-416274.hostingersite.com\/#\/schema\/logo\/image\/\"}}]}<\/script>\n<!-- \/ Yoast SEO plugin. -->","yoast_head_json":{"title":"Tomate Asado a la Le\u00f1a (470g) - Gastroebre","robots":{"index":"index","follow":"follow","max-snippet":"max-snippet:-1","max-image-preview":"max-image-preview:large","max-video-preview":"max-video-preview:-1"},"canonical":"https:\/\/gastroebre.es\/es\/tomate-asado-a-la-lena-470g\/","og_locale":"es_ES","og_type":"article","og_title":"Tomate Asado a la Le\u00f1a (470g) - Gastroebre","og_description":"La tradici\u00f3n de la cocina Catalana, hecha a la le\u00f1a \u2764\ufe0f","og_url":"https:\/\/gastroebre.es\/es\/tomate-asado-a-la-lena-470g\/","og_site_name":"Gastroebre","article_modified_time":"2025-01-17T12:57:25+00:00","og_image":[{"width":800,"height":800,"url":"https:\/\/gastroebre-es-416274.hostingersite.com\/wp-content\/uploads\/2024\/12\/Tomata-Rostida.png","type":"image\/png"}],"twitter_card":"summary_large_image","twitter_misc":{"Tiempo de lectura":"1 minuto"},"schema":{"@context":"https:\/\/schema.org","@graph":[{"@type":"WebPage","@id":"https:\/\/gastroebre.es\/es\/tomate-asado-a-la-lena-470g\/","url":"https:\/\/gastroebre.es\/es\/tomate-asado-a-la-lena-470g\/","name":"Tomate Asado a la Le\u00f1a (470g) - Gastroebre","isPartOf":{"@id":"https:\/\/gastroebre-es-416274.hostingersite.com\/#website"},"primaryImageOfPage":{"@id":"https:\/\/gastroebre.es\/es\/tomate-asado-a-la-lena-470g\/#primaryimage"},"image":{"@id":"https:\/\/gastroebre.es\/es\/tomate-asado-a-la-lena-470g\/#primaryimage"},"thumbnailUrl":"https:\/\/gastroebre.es\/wp-content\/uploads\/2024\/12\/Tomata-Rostida.png","datePublished":"2024-12-24T09:44:43+00:00","dateModified":"2025-01-17T12:57:25+00:00","breadcrumb":{"@id":"https:\/\/gastroebre.es\/es\/tomate-asado-a-la-lena-470g\/#breadcrumb"},"inLanguage":"es","potentialAction":[{"@type":"ReadAction","target":["https:\/\/gastroebre.es\/es\/tomate-asado-a-la-lena-470g\/"]}]},{"@type":"ImageObject","inLanguage":"es","@id":"https:\/\/gastroebre.es\/es\/tomate-asado-a-la-lena-470g\/#primaryimage","url":"https:\/\/gastroebre.es\/wp-content\/uploads\/2024\/12\/Tomata-Rostida.png","contentUrl":"https:\/\/gastroebre.es\/wp-content\/uploads\/2024\/12\/Tomata-Rostida.png","width":800,"height":800},{"@type":"BreadcrumbList","@id":"https:\/\/gastroebre.es\/es\/tomate-asado-a-la-lena-470g\/#breadcrumb","itemListElement":[{"@type":"ListItem","position":1,"name":"Portada","item":"https:\/\/gastroebre.es\/es\/"},{"@type":"ListItem","position":2,"name":"Tienda","item":"https:\/\/gastroebre-es-416274.hostingersite.com\/es\/tienda\/"},{"@type":"ListItem","position":3,"name":"Tomate Asado a la Le\u00f1a (470g)"}]},{"@type":"WebSite","@id":"https:\/\/gastroebre-es-416274.hostingersite.com\/#website","url":"https:\/\/gastroebre-es-416274.hostingersite.com\/","name":"Gastroebre","description":"","publisher":{"@id":"https:\/\/gastroebre-es-416274.hostingersite.com\/#organization"},"potentialAction":[{"@type":"SearchAction","target":{"@type":"EntryPoint","urlTemplate":"https:\/\/gastroebre-es-416274.hostingersite.com\/?s={search_term_string}"},"query-input":{"@type":"PropertyValueSpecification","valueRequired":true,"valueName":"search_term_string"}}],"inLanguage":"es"},{"@type":"Organization","@id":"https:\/\/gastroebre-es-416274.hostingersite.com\/#organization","name":"Gastroebre","url":"https:\/\/gastroebre-es-416274.hostingersite.com\/","logo":{"@type":"ImageObject","inLanguage":"es","@id":"https:\/\/gastroebre-es-416274.hostingersite.com\/#\/schema\/logo\/image\/","url":"https:\/\/gastroebre.es\/wp-content\/uploads\/2024\/11\/cropped-GastroEbre.webp","contentUrl":"https:\/\/gastroebre.es\/wp-content\/uploads\/2024\/11\/cropped-GastroEbre.webp","width":983,"height":196,"caption":"Gastroebre"},"image":{"@id":"https:\/\/gastroebre-es-416274.hostingersite.com\/#\/schema\/logo\/image\/"}}]}},"_links":{"self":[{"href":"https:\/\/gastroebre.es\/es\/wp-json\/wp\/v2\/product\/2594","targetHints":{"allow":["GET"]}}],"collection":[{"href":"https:\/\/gastroebre.es\/es\/wp-json\/wp\/v2\/product"}],"about":[{"href":"https:\/\/gastroebre.es\/es\/wp-json\/wp\/v2\/types\/product"}],"wp:featuredmedia":[{"embeddable":true,"href":"https:\/\/gastroebre.es\/es\/wp-json\/wp\/v2\/media\/1989"}],"wp:attachment":[{"href":"https:\/\/gastroebre.es\/es\/wp-json\/wp\/v2\/media?parent=2594"}],"wp:term":[{"taxonomy":"product_brand","embeddable":true,"href":"https:\/\/gastroebre.es\/es\/wp-json\/wp\/v2\/product_brand?post=2594"},{"taxonomy":"product_cat","embeddable":true,"href":"https:\/\/gastroebre.es\/es\/wp-json\/wp\/v2\/product_cat?post=2594"},{"taxonomy":"product_tag","embeddable":true,"href":"https:\/\/gastroebre.es\/es\/wp-json\/wp\/v2\/product_tag?post=2594"}],"curies":[{"name":"wp","href":"https:\/\/api.w.org\/{rel}","templated":true}]}}