{"id":1580,"date":"2024-11-26T18:01:21","date_gmt":"2024-11-26T17:01:21","guid":{"rendered":"https:\/\/gastroebre.es\/canal-horeca\/"},"modified":"2025-01-21T12:20:44","modified_gmt":"2025-01-21T11:20:44","slug":"canal-horeca","status":"publish","type":"page","link":"https:\/\/gastroebre.es\/es\/canal-horeca\/","title":{"rendered":"Canal Horeca"},"content":{"rendered":"\t\t<div data-elementor-type=\"wp-page\" data-elementor-id=\"1580\" class=\"elementor elementor-1580 elementor-1264\" data-elementor-post-type=\"page\">\n\t\t\t\t<div class=\"elementor-element elementor-element-cc8eb31 e-flex e-con-boxed e-con e-parent\" data-id=\"cc8eb31\" data-element_type=\"container\" data-e-type=\"container\">\n\t\t\t\t\t<div class=\"e-con-inner\">\n\t\t\t\t<div class=\"elementor-element elementor-element-aa75072 elementor-widget elementor-widget-heading\" data-id=\"aa75072\" data-element_type=\"widget\" data-e-type=\"widget\" data-widget_type=\"heading.default\">\n\t\t\t\t<div class=\"elementor-widget-container\">\n\t\t\t\t\t<h1 class=\"elementor-heading-title elementor-size-default\">Canal Horeca<\/h1>\t\t\t\t<\/div>\n\t\t\t\t<\/div>\n\t\t\t\t<div class=\"elementor-element elementor-element-87526ed elementor-widget elementor-widget-woocommerce-breadcrumb\" data-id=\"87526ed\" data-element_type=\"widget\" data-e-type=\"widget\" data-widget_type=\"woocommerce-breadcrumb.default\">\n\t\t\t\t<div class=\"elementor-widget-container\">\n\t\t\t\t\t<nav class=\"woocommerce-breadcrumb\" aria-label=\"Breadcrumb\">Inicio<\/nav>\t\t\t\t<\/div>\n\t\t\t\t<\/div>\n\t\t\t\t\t<\/div>\n\t\t\t\t<\/div>\n\t\t<div class=\"elementor-element elementor-element-8c1a3bf e-flex e-con-boxed e-con e-parent\" data-id=\"8c1a3bf\" data-element_type=\"container\" data-e-type=\"container\">\n\t\t\t\t\t<div class=\"e-con-inner\">\n\t\t\t\t<div class=\"elementor-element elementor-element-944f34d elementor-widget elementor-widget-text-editor\" data-id=\"944f34d\" data-element_type=\"widget\" data-e-type=\"widget\" data-widget_type=\"text-editor.default\">\n\t\t\t\t<div class=\"elementor-widget-container\">\n\t\t\t\t\t\t\t\t\t<p><span style=\"font-weight: 400;\">Producto natural, fresco y con todo el sabor, en las mejores cocinas. Si eres profesional de la hosteler\u00eda ponte en contacto con nosotros para m\u00e1s informaci\u00f3n.<\/span><\/p>\n\t\t\t\t\t\t\t\t<\/div>\n\t\t\t\t<\/div>\n\t\t\t\t<div class=\"elementor-element elementor-element-68b4edc elementor-widget__width-initial elementor-button-align-stretch elementor-widget elementor-widget-form\" data-id=\"68b4edc\" data-element_type=\"widget\" data-e-type=\"widget\" data-settings=\"{&quot;step_next_label&quot;:&quot;Next&quot;,&quot;step_previous_label&quot;:&quot;Previous&quot;,&quot;button_width&quot;:&quot;100&quot;,&quot;step_type&quot;:&quot;number_text&quot;,&quot;step_icon_shape&quot;:&quot;circle&quot;}\" data-widget_type=\"form.default\">\n\t\t\t\t<div class=\"elementor-widget-container\">\n\t\t\t\t\t\t\t<form class=\"elementor-form\" method=\"post\" name=\"Nou formulari\" aria-label=\"Nou formulari\">\n\t\t\t<input type=\"hidden\" name=\"post_id\" value=\"1580\"\/>\n\t\t\t<input type=\"hidden\" name=\"form_id\" value=\"68b4edc\"\/>\n\t\t\t<input type=\"hidden\" name=\"referer_title\" value=\"Canal Horeca - Gastroebre\" \/>\n\n\t\t\t\t\t\t\t<input type=\"hidden\" name=\"queried_id\" value=\"1580\"\/>\n\t\t\t\n\t\t\t<div class=\"elementor-form-fields-wrapper elementor-labels-above\">\n\t\t\t\t\t\t\t\t<div class=\"elementor-field-type-text elementor-field-group elementor-column elementor-field-group-name elementor-col-100 elementor-field-required\">\n\t\t\t\t\t\t\t\t\t\t\t\t<label for=\"form-field-name\" class=\"elementor-field-label\">\n\t\t\t\t\t\t\t\tNombre\t\t\t\t\t\t\t<\/label>\n\t\t\t\t\t\t\t\t\t\t\t\t\t\t<input size=\"1\" type=\"text\" name=\"form_fields[name]\" id=\"form-field-name\" class=\"elementor-field elementor-size-sm  elementor-field-textual\" required=\"required\">\n\t\t\t\t\t\t\t\t\t\t\t<\/div>\n\t\t\t\t\t\t\t\t<div class=\"elementor-field-type-email elementor-field-group elementor-column elementor-field-group-email elementor-col-100 elementor-field-required\">\n\t\t\t\t\t\t\t\t\t\t\t\t<label for=\"form-field-email\" class=\"elementor-field-label\">\n\t\t\t\t\t\t\t\tCorreo electr\u00f3nico\t\t\t\t\t\t\t<\/label>\n\t\t\t\t\t\t\t\t\t\t\t\t\t\t<input size=\"1\" type=\"email\" name=\"form_fields[email]\" id=\"form-field-email\" class=\"elementor-field elementor-size-sm  elementor-field-textual\" required=\"required\">\n\t\t\t\t\t\t\t\t\t\t\t<\/div>\n\t\t\t\t\t\t\t\t<div class=\"elementor-field-type-textarea elementor-field-group elementor-column elementor-field-group-message elementor-col-100 elementor-field-required\">\n\t\t\t\t\t\t\t\t\t\t\t\t<label for=\"form-field-message\" class=\"elementor-field-label\">\n\t\t\t\t\t\t\t\tMensaje \t\t\t\t\t\t\t<\/label>\n\t\t\t\t\t\t<textarea class=\"elementor-field-textual elementor-field  elementor-size-sm\" name=\"form_fields[message]\" id=\"form-field-message\" rows=\"4\" required=\"required\"><\/textarea>\t\t\t\t<\/div>\n\t\t\t\t\t\t\t\t<div class=\"elementor-field-type-acceptance elementor-field-group elementor-column elementor-field-group-field_ae475cb elementor-col-100 elementor-field-required\">\n\t\t\t\t\t\t\t<div class=\"elementor-field-subgroup\">\n\t\t\t<span class=\"elementor-field-option\">\n\t\t\t\t<input type=\"checkbox\" name=\"form_fields[field_ae475cb]\" id=\"form-field-field_ae475cb\" class=\"elementor-field elementor-size-sm  elementor-acceptance-field\" required=\"required\">\n\t\t\t\t<label for=\"form-field-field_ae475cb\">Acepto la<a href=\"https:\/\/gastroebre.es\/es\/politica-de-privacidad\/\"> pol\u00edtica de privacidad<\/a>.<\/label>\t\t\t<\/span>\n\t\t<\/div>\n\t\t\t\t\t\t<\/div>\n\t\t\t\t\t\t\t\t<div class=\"elementor-field-type-recaptcha_v3 elementor-field-group elementor-column elementor-field-group-field_923c052 elementor-col-100 recaptcha_v3-bottomright\">\n\t\t\t\t\t<div class=\"elementor-field\" id=\"form-field-field_923c052\"><div class=\"elementor-g-recaptcha\" data-sitekey=\"6Lc2w5cqAAAAAJebvHGKQoz483FGwlQK0hh7cTfT\" data-type=\"v3\" data-action=\"Form\" data-badge=\"bottomright\" data-size=\"invisible\"><\/div><\/div>\t\t\t\t<\/div>\n\t\t\t\t\t\t\t\t<div class=\"elementor-field-group elementor-column elementor-field-type-submit elementor-col-100 e-form__buttons\">\n\t\t\t\t\t<button class=\"elementor-button elementor-size-sm\" type=\"submit\">\n\t\t\t\t\t\t<span class=\"elementor-button-content-wrapper\">\n\t\t\t\t\t\t\t\t\t\t\t\t\t\t\t\t\t\t\t\t\t\t<span class=\"elementor-button-text\">Enviar<\/span>\n\t\t\t\t\t\t\t\t\t\t\t\t\t<\/span>\n\t\t\t\t\t<\/button>\n\t\t\t\t<\/div>\n\t\t\t<\/div>\n\t\t<\/form>\n\t\t\t\t\t\t<\/div>\n\t\t\t\t<\/div>\n\t\t\t\t\t<\/div>\n\t\t\t\t<\/div>\n\t\t\t\t<\/div>\n\t\t","protected":false},"excerpt":{"rendered":"<p>Canal Horeca Producto natural, fresco y con todo el sabor, en las mejores cocinas. Si eres profesional de la hosteler\u00eda ponte en contacto con nosotros para m\u00e1s informaci\u00f3n.<\/p>\n","protected":false},"author":1,"featured_media":0,"parent":0,"menu_order":0,"comment_status":"closed","ping_status":"closed","template":"","meta":{"_acf_changed":false,"footnotes":""},"class_list":["post-1580","page","type-page","status-publish","hentry"],"acf":[],"yoast_head":"<!-- This site is optimized with the Yoast SEO plugin v27.1.1 - https:\/\/yoast.com\/product\/yoast-seo-wordpress\/ -->\n<title>Canal Horeca - Gastroebre<\/title>\n<meta name=\"robots\" content=\"noindex, follow\" \/>\n<meta property=\"og:locale\" content=\"es_ES\" \/>\n<meta property=\"og:type\" content=\"article\" \/>\n<meta property=\"og:title\" content=\"Canal Horeca - Gastroebre\" \/>\n<meta property=\"og:description\" content=\"Canal Horeca Producto natural, fresco y con todo el sabor, en las mejores cocinas. Si eres profesional de la hosteler\u00eda ponte en contacto con nosotros para m\u00e1s informaci\u00f3n.\" \/>\n<meta property=\"og:url\" content=\"https:\/\/gastroebre.es\/es\/canal-horeca\/\" \/>\n<meta property=\"og:site_name\" content=\"Gastroebre\" \/>\n<meta property=\"article:modified_time\" content=\"2025-01-21T11:20:44+00:00\" \/>\n<meta name=\"twitter:card\" content=\"summary_large_image\" \/>\n<meta name=\"twitter:label1\" content=\"Tiempo de lectura\" \/>\n\t<meta name=\"twitter:data1\" content=\"1 minuto\" \/>\n<script type=\"application\/ld+json\" class=\"yoast-schema-graph\">{\"@context\":\"https:\/\/schema.org\",\"@graph\":[{\"@type\":\"WebPage\",\"@id\":\"https:\/\/gastroebre.es\/es\/canal-horeca\/\",\"url\":\"https:\/\/gastroebre.es\/es\/canal-horeca\/\",\"name\":\"Canal Horeca - Gastroebre\",\"isPartOf\":{\"@id\":\"https:\/\/gastroebre-es-416274.hostingersite.com\/#website\"},\"datePublished\":\"2024-11-26T17:01:21+00:00\",\"dateModified\":\"2025-01-21T11:20:44+00:00\",\"breadcrumb\":{\"@id\":\"https:\/\/gastroebre.es\/es\/canal-horeca\/#breadcrumb\"},\"inLanguage\":\"es\",\"potentialAction\":[{\"@type\":\"ReadAction\",\"target\":[\"https:\/\/gastroebre.es\/es\/canal-horeca\/\"]}]},{\"@type\":\"BreadcrumbList\",\"@id\":\"https:\/\/gastroebre.es\/es\/canal-horeca\/#breadcrumb\",\"itemListElement\":[{\"@type\":\"ListItem\",\"position\":1,\"name\":\"Portada\",\"item\":\"https:\/\/gastroebre.es\/es\/\"},{\"@type\":\"ListItem\",\"position\":2,\"name\":\"Canal Horeca\"}]},{\"@type\":\"WebSite\",\"@id\":\"https:\/\/gastroebre-es-416274.hostingersite.com\/#website\",\"url\":\"https:\/\/gastroebre-es-416274.hostingersite.com\/\",\"name\":\"Gastroebre\",\"description\":\"\",\"publisher\":{\"@id\":\"https:\/\/gastroebre-es-416274.hostingersite.com\/#organization\"},\"potentialAction\":[{\"@type\":\"SearchAction\",\"target\":{\"@type\":\"EntryPoint\",\"urlTemplate\":\"https:\/\/gastroebre-es-416274.hostingersite.com\/?s={search_term_string}\"},\"query-input\":{\"@type\":\"PropertyValueSpecification\",\"valueRequired\":true,\"valueName\":\"search_term_string\"}}],\"inLanguage\":\"es\"},{\"@type\":\"Organization\",\"@id\":\"https:\/\/gastroebre-es-416274.hostingersite.com\/#organization\",\"name\":\"Gastroebre\",\"url\":\"https:\/\/gastroebre-es-416274.hostingersite.com\/\",\"logo\":{\"@type\":\"ImageObject\",\"inLanguage\":\"es\",\"@id\":\"https:\/\/gastroebre-es-416274.hostingersite.com\/#\/schema\/logo\/image\/\",\"url\":\"https:\/\/gastroebre.es\/wp-content\/uploads\/2024\/11\/cropped-GastroEbre.webp\",\"contentUrl\":\"https:\/\/gastroebre.es\/wp-content\/uploads\/2024\/11\/cropped-GastroEbre.webp\",\"width\":983,\"height\":196,\"caption\":\"Gastroebre\"},\"image\":{\"@id\":\"https:\/\/gastroebre-es-416274.hostingersite.com\/#\/schema\/logo\/image\/\"}}]}<\/script>\n<!-- \/ Yoast SEO plugin. -->","yoast_head_json":{"title":"Canal Horeca - Gastroebre","robots":{"index":"noindex","follow":"follow"},"og_locale":"es_ES","og_type":"article","og_title":"Canal Horeca - Gastroebre","og_description":"Canal Horeca Producto natural, fresco y con todo el sabor, en las mejores cocinas. Si eres profesional de la hosteler\u00eda ponte en contacto con nosotros para m\u00e1s informaci\u00f3n.","og_url":"https:\/\/gastroebre.es\/es\/canal-horeca\/","og_site_name":"Gastroebre","article_modified_time":"2025-01-21T11:20:44+00:00","twitter_card":"summary_large_image","twitter_misc":{"Tiempo de lectura":"1 minuto"},"schema":{"@context":"https:\/\/schema.org","@graph":[{"@type":"WebPage","@id":"https:\/\/gastroebre.es\/es\/canal-horeca\/","url":"https:\/\/gastroebre.es\/es\/canal-horeca\/","name":"Canal Horeca - Gastroebre","isPartOf":{"@id":"https:\/\/gastroebre-es-416274.hostingersite.com\/#website"},"datePublished":"2024-11-26T17:01:21+00:00","dateModified":"2025-01-21T11:20:44+00:00","breadcrumb":{"@id":"https:\/\/gastroebre.es\/es\/canal-horeca\/#breadcrumb"},"inLanguage":"es","potentialAction":[{"@type":"ReadAction","target":["https:\/\/gastroebre.es\/es\/canal-horeca\/"]}]},{"@type":"BreadcrumbList","@id":"https:\/\/gastroebre.es\/es\/canal-horeca\/#breadcrumb","itemListElement":[{"@type":"ListItem","position":1,"name":"Portada","item":"https:\/\/gastroebre.es\/es\/"},{"@type":"ListItem","position":2,"name":"Canal Horeca"}]},{"@type":"WebSite","@id":"https:\/\/gastroebre-es-416274.hostingersite.com\/#website","url":"https:\/\/gastroebre-es-416274.hostingersite.com\/","name":"Gastroebre","description":"","publisher":{"@id":"https:\/\/gastroebre-es-416274.hostingersite.com\/#organization"},"potentialAction":[{"@type":"SearchAction","target":{"@type":"EntryPoint","urlTemplate":"https:\/\/gastroebre-es-416274.hostingersite.com\/?s={search_term_string}"},"query-input":{"@type":"PropertyValueSpecification","valueRequired":true,"valueName":"search_term_string"}}],"inLanguage":"es"},{"@type":"Organization","@id":"https:\/\/gastroebre-es-416274.hostingersite.com\/#organization","name":"Gastroebre","url":"https:\/\/gastroebre-es-416274.hostingersite.com\/","logo":{"@type":"ImageObject","inLanguage":"es","@id":"https:\/\/gastroebre-es-416274.hostingersite.com\/#\/schema\/logo\/image\/","url":"https:\/\/gastroebre.es\/wp-content\/uploads\/2024\/11\/cropped-GastroEbre.webp","contentUrl":"https:\/\/gastroebre.es\/wp-content\/uploads\/2024\/11\/cropped-GastroEbre.webp","width":983,"height":196,"caption":"Gastroebre"},"image":{"@id":"https:\/\/gastroebre-es-416274.hostingersite.com\/#\/schema\/logo\/image\/"}}]}},"_links":{"self":[{"href":"https:\/\/gastroebre.es\/es\/wp-json\/wp\/v2\/pages\/1580","targetHints":{"allow":["GET"]}}],"collection":[{"href":"https:\/\/gastroebre.es\/es\/wp-json\/wp\/v2\/pages"}],"about":[{"href":"https:\/\/gastroebre.es\/es\/wp-json\/wp\/v2\/types\/page"}],"author":[{"embeddable":true,"href":"https:\/\/gastroebre.es\/es\/wp-json\/wp\/v2\/users\/1"}],"replies":[{"embeddable":true,"href":"https:\/\/gastroebre.es\/es\/wp-json\/wp\/v2\/comments?post=1580"}],"version-history":[{"count":6,"href":"https:\/\/gastroebre.es\/es\/wp-json\/wp\/v2\/pages\/1580\/revisions"}],"predecessor-version":[{"id":2925,"href":"https:\/\/gastroebre.es\/es\/wp-json\/wp\/v2\/pages\/1580\/revisions\/2925"}],"wp:attachment":[{"href":"https:\/\/gastroebre.es\/es\/wp-json\/wp\/v2\/media?parent=1580"}],"curies":[{"name":"wp","href":"https:\/\/api.w.org\/{rel}","templated":true}]}}