{"id":1544,"date":"2024-10-03T15:31:56","date_gmt":"2024-10-03T13:31:56","guid":{"rendered":"https:\/\/gastroebre.es\/nosotros\/"},"modified":"2025-06-06T18:53:13","modified_gmt":"2025-06-06T16:53:13","slug":"nosotros","status":"publish","type":"page","link":"https:\/\/gastroebre.es\/es\/nosotros\/","title":{"rendered":"Nosotros"},"content":{"rendered":"\t\t<div data-elementor-type=\"wp-page\" data-elementor-id=\"1544\" class=\"elementor elementor-1544 elementor-134\" data-elementor-post-type=\"page\">\n\t\t\t\t<div class=\"elementor-element elementor-element-be3b621 e-flex e-con-boxed e-con e-parent\" data-id=\"be3b621\" data-element_type=\"container\" data-e-type=\"container\">\n\t\t\t\t\t<div class=\"e-con-inner\">\n\t\t\t\t<div class=\"elementor-element elementor-element-9f2bb77 elementor-widget elementor-widget-image\" data-id=\"9f2bb77\" data-element_type=\"widget\" data-e-type=\"widget\" data-widget_type=\"image.default\">\n\t\t\t\t<div class=\"elementor-widget-container\">\n\t\t\t\t\t\t\t\t\t\t\t\t\t\t\t<img fetchpriority=\"high\" decoding=\"async\" width=\"800\" height=\"450\" src=\"https:\/\/gastroebre.es\/wp-content\/uploads\/2024\/11\/hort-1024x576.webp\" class=\"attachment-large size-large wp-image-494\" alt=\"\" srcset=\"https:\/\/gastroebre.es\/wp-content\/uploads\/2024\/11\/hort-1024x576.webp 1024w, https:\/\/gastroebre.es\/wp-content\/uploads\/2024\/11\/hort-300x169.webp 300w, https:\/\/gastroebre.es\/wp-content\/uploads\/2024\/11\/hort-768x432.webp 768w, https:\/\/gastroebre.es\/wp-content\/uploads\/2024\/11\/hort-1536x864.webp 1536w, https:\/\/gastroebre.es\/wp-content\/uploads\/2024\/11\/hort-600x338.webp 600w, https:\/\/gastroebre.es\/wp-content\/uploads\/2024\/11\/hort-64x36.webp 64w, https:\/\/gastroebre.es\/wp-content\/uploads\/2024\/11\/hort.webp 1600w\" sizes=\"(max-width: 800px) 100vw, 800px\" \/>\t\t\t\t\t\t\t\t\t\t\t\t\t\t\t<\/div>\n\t\t\t\t<\/div>\n\t\t\t\t\t<\/div>\n\t\t\t\t<\/div>\n\t\t<div class=\"elementor-element elementor-element-c212b57 e-flex e-con-boxed e-con e-parent\" data-id=\"c212b57\" data-element_type=\"container\" data-e-type=\"container\">\n\t\t\t\t\t<div class=\"e-con-inner\">\n\t\t\t\t<div class=\"elementor-element elementor-element-75540d2 elementor-widget elementor-widget-heading\" data-id=\"75540d2\" data-element_type=\"widget\" data-e-type=\"widget\" data-widget_type=\"heading.default\">\n\t\t\t\t<div class=\"elementor-widget-container\">\n\t\t\t\t\t<h1 class=\"elementor-heading-title elementor-size-default\">\u00bfQu\u00e9 es GastroEbre?<\/h1>\t\t\t\t<\/div>\n\t\t\t\t<\/div>\n\t\t\t\t<div class=\"elementor-element elementor-element-655bef4 elementor-widget elementor-widget-text-editor\" data-id=\"655bef4\" data-element_type=\"widget\" data-e-type=\"widget\" data-widget_type=\"text-editor.default\">\n\t\t\t\t<div class=\"elementor-widget-container\">\n\t\t\t\t\t\t\t\t\t<p data-start=\"26\" data-end=\"193\">Somos una <strong data-start=\"34\" data-end=\"54\">empresa familiar<\/strong> dedicada a la producci\u00f3n de frutas, verduras y hortalizas, ubicada en el coraz\u00f3n de la Reserva de la Biosfera del Delta del Ebro, en Camarles.<\/p><p data-start=\"195\" data-end=\"553\">Para nosotros, cultivar la tierra va m\u00e1s all\u00e1 de un oficio: es una <strong data-start=\"261\" data-end=\"278\">forma de vida<\/strong> y de entender nuestro entorno. Creemos que el compromiso con el territorio, la conservaci\u00f3n de la diversidad biol\u00f3gica y cultural, y el desarrollo sostenible de nuestra comunidad son la base para preservar esta actividad agr\u00edcola tan arraigada en nuestras tierras. <\/p>\t\t\t\t\t\t\t\t<\/div>\n\t\t\t\t<\/div>\n\t\t\t\t<div class=\"elementor-element elementor-element-dbe5ed8 elementor-widget elementor-widget-text-editor\" data-id=\"dbe5ed8\" data-element_type=\"widget\" data-e-type=\"widget\" data-widget_type=\"text-editor.default\">\n\t\t\t\t<div class=\"elementor-widget-container\">\n\t\t\t\t\t\t\t\t\t<h2 data-start=\"555\" data-end=\"580\"><strong data-start=\"555\" data-end=\"578\">Nuestra filosof\u00eda<\/strong><\/h2><p data-start=\"555\" data-end=\"580\"><strong data-start=\"583\" data-end=\"608\">Tradici\u00f3n y artesan\u00eda:<\/strong> Trabajamos siguiendo m\u00e9todos tradicionales, sin renunciar a las tecnolog\u00edas que garanticen la m\u00e1xima calidad. Cada semilla, cada planta y cada fruto reciben los cuidados necesarios para conservar el aut\u00e9ntico sabor de nuestra tierra. <\/p><ul data-start=\"581\" data-end=\"1539\"><li data-start=\"836\" data-end=\"1045\"><p data-start=\"838\" data-end=\"1045\"><strong data-start=\"838\" data-end=\"862\">Respeto al entorno:<\/strong> Formamos parte de un ecosistema \u00fanico. Cuidar el suelo, aprovechar los recursos h\u00eddricos de manera responsable y proteger la biodiversidad local son principios que gu\u00edan nuestro d\u00eda a d\u00eda. <\/p><\/li><li data-start=\"1046\" data-end=\"1299\"><p data-start=\"1048\" data-end=\"1299\"><strong data-start=\"1048\" data-end=\"1082\">Relaci\u00f3n cercano con la naturaleza:<\/strong> Creemos en la importancia del trabajo manual y en el conocimiento heredado de generaciones. Nuestro v\u00ednculo con los campos del Delta del Ebro nos permite ofrecer productos genuinos, llenos de aroma y nutrientes. <\/p><\/li><li data-start=\"1300\" data-end=\"1539\"><p data-start=\"1302\" data-end=\"1539\"><strong data-start=\"1302\" data-end=\"1330\">Econom\u00eda local y social:<\/strong> Apoyamos el desarrollo de la comarca. Al elegir GastroEbre, no solo llevas alimentos saludables a tu mesa, sino que contribuyes al sostenimiento de un proyecto que genera empleo y bienestar en la zona. <\/p><\/li><\/ul>\t\t\t\t\t\t\t\t<\/div>\n\t\t\t\t<\/div>\n\t\t\t\t<div class=\"elementor-element elementor-element-b7e5a4b elementor-widget elementor-widget-text-editor\" data-id=\"b7e5a4b\" data-element_type=\"widget\" data-e-type=\"widget\" data-widget_type=\"text-editor.default\">\n\t\t\t\t<div class=\"elementor-widget-container\">\n\t\t\t\t\t\t\t\t\t<h2 data-start=\"1541\" data-end=\"1810\"><strong data-start=\"1541\" data-end=\"1561\">Nuestra misi\u00f3n<\/strong><\/h2><p data-start=\"1541\" data-end=\"1810\">Acercar frutas, verduras y hortalizas de temporada, cosechadas en su punto \u00f3ptimo, directamente desde el huerto a tu hogar. Queremos que disfrutes de productos frescos, sabrosos y llenos de personalidad, fomentando una alimentaci\u00f3n saludable y de kil\u00f3metro 0. <\/p><p data-start=\"1812\" data-end=\"2049\">En GastroEbre no somos solo un <strong data-start=\"1841\" data-end=\"1855\">e-commerce;<\/strong> aspiramos a ser tu \u201ccampesino de confianza\u201d. Cada env\u00edo lleva el cari\u00f1o de nuestras manos, el sabor del Delta y la certeza de estar consumiendo alimentos cultivados con respeto y conocimiento <\/p><p data-start=\"2051\" data-end=\"2163\" data-is-last-node=\"\" data-is-only-node=\"\"><strong data-start=\"2051\" data-end=\"2163\" data-is-last-node=\"\">\u00a1Gracias por formar parte de nuestra familia y ayudarnos a seguir haciendo del campo nuestro mejor legado!<\/strong><\/p>\t\t\t\t\t\t\t\t<\/div>\n\t\t\t\t<\/div>\n\t\t\t\t\t<\/div>\n\t\t\t\t<\/div>\n\t\t\t\t<\/div>\n\t\t","protected":false},"excerpt":{"rendered":"<p>\u00bfQu\u00e9 es GastroEbre? Somos una empresa familiar dedicada a la producci\u00f3n de frutas, verduras y hortalizas, ubicada en el coraz\u00f3n de la Reserva de la Biosfera del Delta del Ebro, en Camarles. Para nosotros, cultivar la tierra va m\u00e1s all\u00e1 de un oficio: es una forma de vida y de entender nuestro entorno. Creemos que [&hellip;]<\/p>\n","protected":false},"author":1,"featured_media":0,"parent":0,"menu_order":0,"comment_status":"closed","ping_status":"closed","template":"","meta":{"_acf_changed":false,"footnotes":""},"class_list":["post-1544","page","type-page","status-publish","hentry"],"acf":[],"yoast_head":"<!-- This site is optimized with the Yoast SEO plugin v27.1.1 - https:\/\/yoast.com\/product\/yoast-seo-wordpress\/ -->\n<title>Nosotros - Gastroebre<\/title>\n<meta name=\"robots\" content=\"index, follow, max-snippet:-1, max-image-preview:large, max-video-preview:-1\" \/>\n<link rel=\"canonical\" href=\"https:\/\/gastroebre.es\/es\/nosotros\/\" \/>\n<meta property=\"og:locale\" content=\"es_ES\" \/>\n<meta property=\"og:type\" content=\"article\" \/>\n<meta property=\"og:title\" content=\"Nosotros - Gastroebre\" \/>\n<meta property=\"og:description\" content=\"\u00bfQu\u00e9 es GastroEbre? Somos una empresa familiar dedicada a la producci\u00f3n de frutas, verduras y hortalizas, ubicada en el coraz\u00f3n de la Reserva de la Biosfera del Delta del Ebro, en Camarles. Para nosotros, cultivar la tierra va m\u00e1s all\u00e1 de un oficio: es una forma de vida y de entender nuestro entorno. Creemos que [&hellip;]\" \/>\n<meta property=\"og:url\" content=\"https:\/\/gastroebre.es\/es\/nosotros\/\" \/>\n<meta property=\"og:site_name\" content=\"Gastroebre\" \/>\n<meta property=\"article:modified_time\" content=\"2025-06-06T16:53:13+00:00\" \/>\n<meta property=\"og:image\" content=\"https:\/\/gastroebre.es\/wp-content\/uploads\/2024\/11\/hort.webp\" \/>\n\t<meta property=\"og:image:width\" content=\"1600\" \/>\n\t<meta property=\"og:image:height\" content=\"900\" \/>\n\t<meta property=\"og:image:type\" content=\"image\/webp\" \/>\n<meta name=\"twitter:card\" content=\"summary_large_image\" \/>\n<meta name=\"twitter:label1\" content=\"Tiempo de lectura\" \/>\n\t<meta name=\"twitter:data1\" content=\"2 minutos\" \/>\n<script type=\"application\/ld+json\" class=\"yoast-schema-graph\">{\"@context\":\"https:\/\/schema.org\",\"@graph\":[{\"@type\":\"WebPage\",\"@id\":\"https:\/\/gastroebre.es\/es\/nosotros\/\",\"url\":\"https:\/\/gastroebre.es\/es\/nosotros\/\",\"name\":\"Nosotros - Gastroebre\",\"isPartOf\":{\"@id\":\"https:\/\/gastroebre-es-416274.hostingersite.com\/#website\"},\"primaryImageOfPage\":{\"@id\":\"https:\/\/gastroebre.es\/es\/nosotros\/#primaryimage\"},\"image\":{\"@id\":\"https:\/\/gastroebre.es\/es\/nosotros\/#primaryimage\"},\"thumbnailUrl\":\"https:\/\/gastroebre.es\/wp-content\/uploads\/2024\/11\/hort-1024x576.webp\",\"datePublished\":\"2024-10-03T13:31:56+00:00\",\"dateModified\":\"2025-06-06T16:53:13+00:00\",\"breadcrumb\":{\"@id\":\"https:\/\/gastroebre.es\/es\/nosotros\/#breadcrumb\"},\"inLanguage\":\"es\",\"potentialAction\":[{\"@type\":\"ReadAction\",\"target\":[\"https:\/\/gastroebre.es\/es\/nosotros\/\"]}]},{\"@type\":\"ImageObject\",\"inLanguage\":\"es\",\"@id\":\"https:\/\/gastroebre.es\/es\/nosotros\/#primaryimage\",\"url\":\"https:\/\/gastroebre.es\/wp-content\/uploads\/2024\/11\/hort-1024x576.webp\",\"contentUrl\":\"https:\/\/gastroebre.es\/wp-content\/uploads\/2024\/11\/hort-1024x576.webp\"},{\"@type\":\"BreadcrumbList\",\"@id\":\"https:\/\/gastroebre.es\/es\/nosotros\/#breadcrumb\",\"itemListElement\":[{\"@type\":\"ListItem\",\"position\":1,\"name\":\"Portada\",\"item\":\"https:\/\/gastroebre.es\/es\/\"},{\"@type\":\"ListItem\",\"position\":2,\"name\":\"Nosotros\"}]},{\"@type\":\"WebSite\",\"@id\":\"https:\/\/gastroebre-es-416274.hostingersite.com\/#website\",\"url\":\"https:\/\/gastroebre-es-416274.hostingersite.com\/\",\"name\":\"Gastroebre\",\"description\":\"\",\"publisher\":{\"@id\":\"https:\/\/gastroebre-es-416274.hostingersite.com\/#organization\"},\"potentialAction\":[{\"@type\":\"SearchAction\",\"target\":{\"@type\":\"EntryPoint\",\"urlTemplate\":\"https:\/\/gastroebre-es-416274.hostingersite.com\/?s={search_term_string}\"},\"query-input\":{\"@type\":\"PropertyValueSpecification\",\"valueRequired\":true,\"valueName\":\"search_term_string\"}}],\"inLanguage\":\"es\"},{\"@type\":\"Organization\",\"@id\":\"https:\/\/gastroebre-es-416274.hostingersite.com\/#organization\",\"name\":\"Gastroebre\",\"url\":\"https:\/\/gastroebre-es-416274.hostingersite.com\/\",\"logo\":{\"@type\":\"ImageObject\",\"inLanguage\":\"es\",\"@id\":\"https:\/\/gastroebre-es-416274.hostingersite.com\/#\/schema\/logo\/image\/\",\"url\":\"https:\/\/gastroebre.es\/wp-content\/uploads\/2024\/11\/cropped-GastroEbre.webp\",\"contentUrl\":\"https:\/\/gastroebre.es\/wp-content\/uploads\/2024\/11\/cropped-GastroEbre.webp\",\"width\":983,\"height\":196,\"caption\":\"Gastroebre\"},\"image\":{\"@id\":\"https:\/\/gastroebre-es-416274.hostingersite.com\/#\/schema\/logo\/image\/\"}}]}<\/script>\n<!-- \/ Yoast SEO plugin. -->","yoast_head_json":{"title":"Nosotros - Gastroebre","robots":{"index":"index","follow":"follow","max-snippet":"max-snippet:-1","max-image-preview":"max-image-preview:large","max-video-preview":"max-video-preview:-1"},"canonical":"https:\/\/gastroebre.es\/es\/nosotros\/","og_locale":"es_ES","og_type":"article","og_title":"Nosotros - Gastroebre","og_description":"\u00bfQu\u00e9 es GastroEbre? Somos una empresa familiar dedicada a la producci\u00f3n de frutas, verduras y hortalizas, ubicada en el coraz\u00f3n de la Reserva de la Biosfera del Delta del Ebro, en Camarles. Para nosotros, cultivar la tierra va m\u00e1s all\u00e1 de un oficio: es una forma de vida y de entender nuestro entorno. Creemos que [&hellip;]","og_url":"https:\/\/gastroebre.es\/es\/nosotros\/","og_site_name":"Gastroebre","article_modified_time":"2025-06-06T16:53:13+00:00","og_image":[{"width":1600,"height":900,"url":"https:\/\/gastroebre.es\/wp-content\/uploads\/2024\/11\/hort.webp","type":"image\/webp"}],"twitter_card":"summary_large_image","twitter_misc":{"Tiempo de lectura":"2 minutos"},"schema":{"@context":"https:\/\/schema.org","@graph":[{"@type":"WebPage","@id":"https:\/\/gastroebre.es\/es\/nosotros\/","url":"https:\/\/gastroebre.es\/es\/nosotros\/","name":"Nosotros - Gastroebre","isPartOf":{"@id":"https:\/\/gastroebre-es-416274.hostingersite.com\/#website"},"primaryImageOfPage":{"@id":"https:\/\/gastroebre.es\/es\/nosotros\/#primaryimage"},"image":{"@id":"https:\/\/gastroebre.es\/es\/nosotros\/#primaryimage"},"thumbnailUrl":"https:\/\/gastroebre.es\/wp-content\/uploads\/2024\/11\/hort-1024x576.webp","datePublished":"2024-10-03T13:31:56+00:00","dateModified":"2025-06-06T16:53:13+00:00","breadcrumb":{"@id":"https:\/\/gastroebre.es\/es\/nosotros\/#breadcrumb"},"inLanguage":"es","potentialAction":[{"@type":"ReadAction","target":["https:\/\/gastroebre.es\/es\/nosotros\/"]}]},{"@type":"ImageObject","inLanguage":"es","@id":"https:\/\/gastroebre.es\/es\/nosotros\/#primaryimage","url":"https:\/\/gastroebre.es\/wp-content\/uploads\/2024\/11\/hort-1024x576.webp","contentUrl":"https:\/\/gastroebre.es\/wp-content\/uploads\/2024\/11\/hort-1024x576.webp"},{"@type":"BreadcrumbList","@id":"https:\/\/gastroebre.es\/es\/nosotros\/#breadcrumb","itemListElement":[{"@type":"ListItem","position":1,"name":"Portada","item":"https:\/\/gastroebre.es\/es\/"},{"@type":"ListItem","position":2,"name":"Nosotros"}]},{"@type":"WebSite","@id":"https:\/\/gastroebre-es-416274.hostingersite.com\/#website","url":"https:\/\/gastroebre-es-416274.hostingersite.com\/","name":"Gastroebre","description":"","publisher":{"@id":"https:\/\/gastroebre-es-416274.hostingersite.com\/#organization"},"potentialAction":[{"@type":"SearchAction","target":{"@type":"EntryPoint","urlTemplate":"https:\/\/gastroebre-es-416274.hostingersite.com\/?s={search_term_string}"},"query-input":{"@type":"PropertyValueSpecification","valueRequired":true,"valueName":"search_term_string"}}],"inLanguage":"es"},{"@type":"Organization","@id":"https:\/\/gastroebre-es-416274.hostingersite.com\/#organization","name":"Gastroebre","url":"https:\/\/gastroebre-es-416274.hostingersite.com\/","logo":{"@type":"ImageObject","inLanguage":"es","@id":"https:\/\/gastroebre-es-416274.hostingersite.com\/#\/schema\/logo\/image\/","url":"https:\/\/gastroebre.es\/wp-content\/uploads\/2024\/11\/cropped-GastroEbre.webp","contentUrl":"https:\/\/gastroebre.es\/wp-content\/uploads\/2024\/11\/cropped-GastroEbre.webp","width":983,"height":196,"caption":"Gastroebre"},"image":{"@id":"https:\/\/gastroebre-es-416274.hostingersite.com\/#\/schema\/logo\/image\/"}}]}},"_links":{"self":[{"href":"https:\/\/gastroebre.es\/es\/wp-json\/wp\/v2\/pages\/1544","targetHints":{"allow":["GET"]}}],"collection":[{"href":"https:\/\/gastroebre.es\/es\/wp-json\/wp\/v2\/pages"}],"about":[{"href":"https:\/\/gastroebre.es\/es\/wp-json\/wp\/v2\/types\/page"}],"author":[{"embeddable":true,"href":"https:\/\/gastroebre.es\/es\/wp-json\/wp\/v2\/users\/1"}],"replies":[{"embeddable":true,"href":"https:\/\/gastroebre.es\/es\/wp-json\/wp\/v2\/comments?post=1544"}],"version-history":[{"count":2,"href":"https:\/\/gastroebre.es\/es\/wp-json\/wp\/v2\/pages\/1544\/revisions"}],"predecessor-version":[{"id":5708,"href":"https:\/\/gastroebre.es\/es\/wp-json\/wp\/v2\/pages\/1544\/revisions\/5708"}],"wp:attachment":[{"href":"https:\/\/gastroebre.es\/es\/wp-json\/wp\/v2\/media?parent=1544"}],"curies":[{"name":"wp","href":"https:\/\/api.w.org\/{rel}","templated":true}]}}