{"id":1424,"date":"2024-07-24T12:43:50","date_gmt":"2024-07-24T10:43:50","guid":{"rendered":"https:\/\/gastroebre.es\/mi-cuenta\/"},"modified":"2024-12-09T18:31:06","modified_gmt":"2024-12-09T17:31:06","slug":"mi-cuenta","status":"publish","type":"page","link":"https:\/\/gastroebre.es\/es\/mi-cuenta\/","title":{"rendered":"Mi cuenta"},"content":{"rendered":"\t\t<div data-elementor-type=\"wp-page\" data-elementor-id=\"1424\" class=\"elementor elementor-1424 elementor-14\" data-elementor-post-type=\"page\">\n\t\t\t\t\t\t<section class=\"elementor-section elementor-top-section elementor-element elementor-element-45aa01a elementor-section-boxed elementor-section-height-default elementor-section-height-default\" data-id=\"45aa01a\" data-element_type=\"section\" data-e-type=\"section\">\n\t\t\t\t\t\t<div class=\"elementor-container elementor-column-gap-default\">\n\t\t\t\t\t<div class=\"elementor-column elementor-col-100 elementor-top-column elementor-element elementor-element-372d1b2\" data-id=\"372d1b2\" data-element_type=\"column\" data-e-type=\"column\">\n\t\t\t<div class=\"elementor-widget-wrap elementor-element-populated\">\n\t\t\t\t\t\t<div class=\"elementor-element elementor-element-75e5afe elementor-widget elementor-widget-heading\" data-id=\"75e5afe\" data-element_type=\"widget\" data-e-type=\"widget\" data-widget_type=\"heading.default\">\n\t\t\t\t<div class=\"elementor-widget-container\">\n\t\t\t\t\t<h1 class=\"elementor-heading-title elementor-size-default\">Mi cuenta<\/h1>\t\t\t\t<\/div>\n\t\t\t\t<\/div>\n\t\t\t\t<div class=\"elementor-element elementor-element-2f6e5c2 e-my-account-tabs-vertical elementor-widget elementor-widget-woocommerce-my-account\" data-id=\"2f6e5c2\" data-element_type=\"widget\" data-e-type=\"widget\" data-widget_type=\"woocommerce-my-account.default\">\n\t\t\t\t<div class=\"elementor-widget-container\">\n\t\t\t\t\t<div class=\"e-my-account-tab e-my-account-tab__ \">\t\t\t<div class=\"woocommerce\"><\/div>\t\t<\/div>\n\t\t\t\t\t\t<\/div>\n\t\t\t\t<\/div>\n\t\t\t\t<div class=\"elementor-element elementor-element-d100300 elementor-widget elementor-widget-html\" data-id=\"d100300\" data-element_type=\"widget\" data-e-type=\"widget\" data-widget_type=\"html.default\">\n\t\t\t\t<div class=\"elementor-widget-container\">\n\t\t\t\t\t<style>\n    \n    .elementor-widget-woocommerce-my-account .e-my-account-tab:not(.e-my-account-tab__dashboard--custom) .woocommerce a {\n        color: var(--e-global-color-accent);\n    }\n    .elementor-widget-woocommerce-my-account .e-my-account-tab:not(.e-my-account-tab__dashboard--custom) .woocommerce a:hover {\n        color: var(--e-global-color-secondary);\n    }\n    \n    \n    \n    li.woocommerce-MyAccount-navigation-link--downloads {\n        display:none!important;\n    }\n    \n    \n    .elementor-widget-woocommerce-my-account .e-my-account-tab:not(.e-my-account-tab__dashboard--custom) .woocommerce .shop_table .button {\n        border-color: var(--e-global-color-accent)!important;\n    }\n    \n    .elementor-widget-woocommerce-my-account .e-my-account-tab:not(.e-my-account-tab__dashboard--custom) .woocommerce tbody .woocommerce-orders-table__cell.woocommerce-orders-table__cell-order-number>a {\n        color: var(--e-global-color-accent)!important;\n    }\n    \n    button.button {\n        font-family: var(--e-global-typography-primary-font-family), Sans-serif;\n    font-weight: var(--e-global-typography-primary-font-weight);\n    color: var(--e-global-color-7574365);\n    background-color: var(--e-global-color-primary)!important;\n    transition: all 0.2s;\n    }\n    button.button:hover {\n        color: var(--e-global-color-primary)!important;\n    background-color: var(--e-global-color-d78cc69)!important;\n    }\n    \n    \n    \/* login y registro *\/\n    button.woocommerce-form-login__submit , button.woocommerce-form-register__submit {\n        font-family: var(--e-global-typography-primary-font-family), Sans-serif;\n    font-weight: var(--e-global-typography-primary-font-weight);\n    color: var(--e-global-color-7574365);\n    background-color: var(--e-global-color-accent)!important;\n    transition: all 0.2s;\n    }\n    \n     button.woocommerce-form-login__submit:hover , button.woocommerce-form-register__submit:hover {\n         color: var(--e-global-color-accent)!important;\n    background-color: var(--e-global-color-secondary)!important;\n     }\n\n     form.login, form.register {\n         background-color: #EEEAE5!important;\n         font-family: var(--e-global-typography-primary-font-family), Sans-serif;\n         \n     }\n     h2 {\n         font-family: var(--e-global-typography-primary-font-family), Sans-serif;\n     }\n     \n<\/style>\t\t\t\t<\/div>\n\t\t\t\t<\/div>\n\t\t\t\t\t<\/div>\n\t\t<\/div>\n\t\t\t\t\t<\/div>\n\t\t<\/section>\n\t\t\t\t<\/div>\n\t\t","protected":false},"excerpt":{"rendered":"<p>Mi cuenta Escritorio Pedidos Descargas Direcciones Detalles de la cuenta Lista de Deseos Cerrar sesi\u00f3n Hola creamosnegocioonline (\u00bfno eres creamosnegocioonline? Cerrar sesi\u00f3n) Desde el escritorio de tu cuenta puedes ver tus pedidos recientes, editar tus direcciones de env\u00edo y facturaci\u00f3n, y editar los detalles de tu cuenta.<\/p>\n","protected":false},"author":1,"featured_media":0,"parent":0,"menu_order":0,"comment_status":"closed","ping_status":"closed","template":"","meta":{"_acf_changed":false,"footnotes":""},"class_list":["post-1424","page","type-page","status-publish","hentry"],"acf":[],"yoast_head":"<!-- This site is optimized with the Yoast SEO plugin v27.1.1 - https:\/\/yoast.com\/product\/yoast-seo-wordpress\/ -->\n<title>Mi cuenta - Gastroebre<\/title>\n<meta name=\"robots\" content=\"noindex, follow\" \/>\n<meta property=\"og:locale\" content=\"es_ES\" \/>\n<meta property=\"og:type\" content=\"article\" \/>\n<meta property=\"og:title\" content=\"Mi cuenta - Gastroebre\" \/>\n<meta property=\"og:description\" content=\"Mi cuenta Escritorio Pedidos Descargas Direcciones Detalles de la cuenta Lista de Deseos Cerrar sesi\u00f3n Hola creamosnegocioonline (\u00bfno eres creamosnegocioonline? Cerrar sesi\u00f3n) Desde el escritorio de tu cuenta puedes ver tus pedidos recientes, editar tus direcciones de env\u00edo y facturaci\u00f3n, y editar los detalles de tu cuenta.\" \/>\n<meta property=\"og:url\" content=\"https:\/\/gastroebre.es\/es\/mi-cuenta\/\" \/>\n<meta property=\"og:site_name\" content=\"Gastroebre\" \/>\n<meta property=\"article:modified_time\" content=\"2024-12-09T17:31:06+00:00\" \/>\n<meta name=\"twitter:card\" content=\"summary_large_image\" \/>\n<meta name=\"twitter:label1\" content=\"Tiempo de lectura\" \/>\n\t<meta name=\"twitter:data1\" content=\"1 minuto\" \/>\n<script type=\"application\/ld+json\" class=\"yoast-schema-graph\">{\"@context\":\"https:\/\/schema.org\",\"@graph\":[{\"@type\":\"WebPage\",\"@id\":\"https:\/\/gastroebre.es\/es\/mi-cuenta\/\",\"url\":\"https:\/\/gastroebre.es\/es\/mi-cuenta\/\",\"name\":\"Mi cuenta - Gastroebre\",\"isPartOf\":{\"@id\":\"https:\/\/gastroebre-es-416274.hostingersite.com\/#website\"},\"datePublished\":\"2024-07-24T10:43:50+00:00\",\"dateModified\":\"2024-12-09T17:31:06+00:00\",\"breadcrumb\":{\"@id\":\"https:\/\/gastroebre.es\/es\/mi-cuenta\/#breadcrumb\"},\"inLanguage\":\"es\",\"potentialAction\":[{\"@type\":\"ReadAction\",\"target\":[\"https:\/\/gastroebre.es\/es\/mi-cuenta\/\"]}]},{\"@type\":\"BreadcrumbList\",\"@id\":\"https:\/\/gastroebre.es\/es\/mi-cuenta\/#breadcrumb\",\"itemListElement\":[{\"@type\":\"ListItem\",\"position\":1,\"name\":\"Portada\",\"item\":\"https:\/\/gastroebre.es\/es\/\"},{\"@type\":\"ListItem\",\"position\":2,\"name\":\"Mi cuenta\"}]},{\"@type\":\"WebSite\",\"@id\":\"https:\/\/gastroebre-es-416274.hostingersite.com\/#website\",\"url\":\"https:\/\/gastroebre-es-416274.hostingersite.com\/\",\"name\":\"Gastroebre\",\"description\":\"\",\"publisher\":{\"@id\":\"https:\/\/gastroebre-es-416274.hostingersite.com\/#organization\"},\"potentialAction\":[{\"@type\":\"SearchAction\",\"target\":{\"@type\":\"EntryPoint\",\"urlTemplate\":\"https:\/\/gastroebre-es-416274.hostingersite.com\/?s={search_term_string}\"},\"query-input\":{\"@type\":\"PropertyValueSpecification\",\"valueRequired\":true,\"valueName\":\"search_term_string\"}}],\"inLanguage\":\"es\"},{\"@type\":\"Organization\",\"@id\":\"https:\/\/gastroebre-es-416274.hostingersite.com\/#organization\",\"name\":\"Gastroebre\",\"url\":\"https:\/\/gastroebre-es-416274.hostingersite.com\/\",\"logo\":{\"@type\":\"ImageObject\",\"inLanguage\":\"es\",\"@id\":\"https:\/\/gastroebre-es-416274.hostingersite.com\/#\/schema\/logo\/image\/\",\"url\":\"https:\/\/gastroebre.es\/wp-content\/uploads\/2024\/11\/cropped-GastroEbre.webp\",\"contentUrl\":\"https:\/\/gastroebre.es\/wp-content\/uploads\/2024\/11\/cropped-GastroEbre.webp\",\"width\":983,\"height\":196,\"caption\":\"Gastroebre\"},\"image\":{\"@id\":\"https:\/\/gastroebre-es-416274.hostingersite.com\/#\/schema\/logo\/image\/\"}}]}<\/script>\n<!-- \/ Yoast SEO plugin. -->","yoast_head_json":{"title":"Mi cuenta - Gastroebre","robots":{"index":"noindex","follow":"follow"},"og_locale":"es_ES","og_type":"article","og_title":"Mi cuenta - Gastroebre","og_description":"Mi cuenta Escritorio Pedidos Descargas Direcciones Detalles de la cuenta Lista de Deseos Cerrar sesi\u00f3n Hola creamosnegocioonline (\u00bfno eres creamosnegocioonline? Cerrar sesi\u00f3n) Desde el escritorio de tu cuenta puedes ver tus pedidos recientes, editar tus direcciones de env\u00edo y facturaci\u00f3n, y editar los detalles de tu cuenta.","og_url":"https:\/\/gastroebre.es\/es\/mi-cuenta\/","og_site_name":"Gastroebre","article_modified_time":"2024-12-09T17:31:06+00:00","twitter_card":"summary_large_image","twitter_misc":{"Tiempo de lectura":"1 minuto"},"schema":{"@context":"https:\/\/schema.org","@graph":[{"@type":"WebPage","@id":"https:\/\/gastroebre.es\/es\/mi-cuenta\/","url":"https:\/\/gastroebre.es\/es\/mi-cuenta\/","name":"Mi cuenta - Gastroebre","isPartOf":{"@id":"https:\/\/gastroebre-es-416274.hostingersite.com\/#website"},"datePublished":"2024-07-24T10:43:50+00:00","dateModified":"2024-12-09T17:31:06+00:00","breadcrumb":{"@id":"https:\/\/gastroebre.es\/es\/mi-cuenta\/#breadcrumb"},"inLanguage":"es","potentialAction":[{"@type":"ReadAction","target":["https:\/\/gastroebre.es\/es\/mi-cuenta\/"]}]},{"@type":"BreadcrumbList","@id":"https:\/\/gastroebre.es\/es\/mi-cuenta\/#breadcrumb","itemListElement":[{"@type":"ListItem","position":1,"name":"Portada","item":"https:\/\/gastroebre.es\/es\/"},{"@type":"ListItem","position":2,"name":"Mi cuenta"}]},{"@type":"WebSite","@id":"https:\/\/gastroebre-es-416274.hostingersite.com\/#website","url":"https:\/\/gastroebre-es-416274.hostingersite.com\/","name":"Gastroebre","description":"","publisher":{"@id":"https:\/\/gastroebre-es-416274.hostingersite.com\/#organization"},"potentialAction":[{"@type":"SearchAction","target":{"@type":"EntryPoint","urlTemplate":"https:\/\/gastroebre-es-416274.hostingersite.com\/?s={search_term_string}"},"query-input":{"@type":"PropertyValueSpecification","valueRequired":true,"valueName":"search_term_string"}}],"inLanguage":"es"},{"@type":"Organization","@id":"https:\/\/gastroebre-es-416274.hostingersite.com\/#organization","name":"Gastroebre","url":"https:\/\/gastroebre-es-416274.hostingersite.com\/","logo":{"@type":"ImageObject","inLanguage":"es","@id":"https:\/\/gastroebre-es-416274.hostingersite.com\/#\/schema\/logo\/image\/","url":"https:\/\/gastroebre.es\/wp-content\/uploads\/2024\/11\/cropped-GastroEbre.webp","contentUrl":"https:\/\/gastroebre.es\/wp-content\/uploads\/2024\/11\/cropped-GastroEbre.webp","width":983,"height":196,"caption":"Gastroebre"},"image":{"@id":"https:\/\/gastroebre-es-416274.hostingersite.com\/#\/schema\/logo\/image\/"}}]}},"_links":{"self":[{"href":"https:\/\/gastroebre.es\/es\/wp-json\/wp\/v2\/pages\/1424","targetHints":{"allow":["GET"]}}],"collection":[{"href":"https:\/\/gastroebre.es\/es\/wp-json\/wp\/v2\/pages"}],"about":[{"href":"https:\/\/gastroebre.es\/es\/wp-json\/wp\/v2\/types\/page"}],"author":[{"embeddable":true,"href":"https:\/\/gastroebre.es\/es\/wp-json\/wp\/v2\/users\/1"}],"replies":[{"embeddable":true,"href":"https:\/\/gastroebre.es\/es\/wp-json\/wp\/v2\/comments?post=1424"}],"version-history":[{"count":4,"href":"https:\/\/gastroebre.es\/es\/wp-json\/wp\/v2\/pages\/1424\/revisions"}],"predecessor-version":[{"id":1567,"href":"https:\/\/gastroebre.es\/es\/wp-json\/wp\/v2\/pages\/1424\/revisions\/1567"}],"wp:attachment":[{"href":"https:\/\/gastroebre.es\/es\/wp-json\/wp\/v2\/media?parent=1424"}],"curies":[{"name":"wp","href":"https:\/\/api.w.org\/{rel}","templated":true}]}}