{"id":1422,"date":"2024-07-24T12:43:50","date_gmt":"2024-07-24T10:43:50","guid":{"rendered":"https:\/\/gastroebre.es\/carrito\/"},"modified":"2024-12-16T12:50:41","modified_gmt":"2024-12-16T11:50:41","slug":"carrito","status":"publish","type":"page","link":"https:\/\/gastroebre.es\/es\/carrito\/","title":{"rendered":"Carrito"},"content":{"rendered":"\t\t<div data-elementor-type=\"wp-page\" data-elementor-id=\"1422\" class=\"elementor elementor-1422 elementor-12\" data-elementor-post-type=\"page\">\n\t\t\t\t<div class=\"elementor-element elementor-element-3af4f15 e-flex e-con-boxed e-con e-parent\" data-id=\"3af4f15\" data-element_type=\"container\" data-e-type=\"container\">\n\t\t\t\t\t<div class=\"e-con-inner\">\n\t\t\t\t<div class=\"elementor-element elementor-element-3b9ca5c elementor-widget elementor-widget-woocommerce-breadcrumb\" data-id=\"3b9ca5c\" data-element_type=\"widget\" data-e-type=\"widget\" data-widget_type=\"woocommerce-breadcrumb.default\">\n\t\t\t\t<div class=\"elementor-widget-container\">\n\t\t\t\t\t<nav class=\"woocommerce-breadcrumb\" aria-label=\"Breadcrumb\">Inicio<\/nav>\t\t\t\t<\/div>\n\t\t\t\t<\/div>\n\t\t\t\t<div class=\"elementor-element elementor-element-d34a655 elementor-widget elementor-widget-heading\" data-id=\"d34a655\" data-element_type=\"widget\" data-e-type=\"widget\" data-widget_type=\"heading.default\">\n\t\t\t\t<div class=\"elementor-widget-container\">\n\t\t\t\t\t<h1 class=\"elementor-heading-title elementor-size-default\">Carrito<\/h1>\t\t\t\t<\/div>\n\t\t\t\t<\/div>\n\t\t\t\t<div class=\"elementor-element elementor-element-6235ff6 elementor-widget elementor-widget-html\" data-id=\"6235ff6\" data-element_type=\"widget\" data-e-type=\"widget\" data-widget_type=\"html.default\">\n\t\t\t\t<div class=\"elementor-widget-container\">\n\t\t\t\t\t<style>\n    .select2-container--default .select2-results__option--highlighted[aria-selected], .select2-container--default .select2-results__option--highlighted[data-selected] {\n        background: var( --e-global-color-primary );\n        color: #fff;\n    }\n    \n    tr.order-total {\n        font-size: 1.6em;\n    }\n    \n    small {\n        font-size: 50%!important;\n    }\n    \n    @media (max-width:768px) {\n        .product-thumbnail {\n            display:math!important;\n        }\n        .product-thumbnail:before {\n            display:none!important;\n        }\n    }\n    \n<\/style>\t\t\t\t<\/div>\n\t\t\t\t<\/div>\n\t\t\t\t\t<\/div>\n\t\t\t\t<\/div>\n\t\t\t\t<\/div>\n\t\t","protected":false},"excerpt":{"rendered":"<p>Eliminar art\u00edculo Imagen en miniatura Producto Precio Cantidad Subtotal &times; Pl\u00e0tan de Can\u00e0ries 2,60&nbsp;&euro; Pl\u00e0tan de Can\u00e0ries&nbsp; cantidad 26,00&nbsp;&euro; &times; Taronja Navelina 2,00&nbsp;&euro; Taronja Navelina&nbsp; cantidad 2,00&nbsp;&euro; Actualizar carrito Aplicar cup\u00f3n Total del carrito Subtotal 28,00&nbsp;&euro; Env\u00edo Snail Express &#8211; 14:00: 9,22&nbsp;&euro;Entrega el 17\/12\/2024 abans de les 14:00 Snail Express &#8211; 19:00: 8,30&nbsp;&euro; MRW &#8211; [&hellip;]<\/p>\n","protected":false},"author":1,"featured_media":0,"parent":0,"menu_order":0,"comment_status":"closed","ping_status":"closed","template":"","meta":{"_acf_changed":false,"footnotes":""},"class_list":["post-1422","page","type-page","status-publish","hentry"],"acf":[],"yoast_head":"<!-- This site is optimized with the Yoast SEO plugin v27.1.1 - https:\/\/yoast.com\/product\/yoast-seo-wordpress\/ -->\n<title>Carrito - Gastroebre<\/title>\n<meta name=\"robots\" content=\"noindex, follow\" \/>\n<meta property=\"og:locale\" content=\"es_ES\" \/>\n<meta property=\"og:type\" content=\"article\" \/>\n<meta property=\"og:title\" content=\"Carrito - Gastroebre\" \/>\n<meta property=\"og:description\" content=\"Eliminar art\u00edculo Imagen en miniatura Producto Precio Cantidad Subtotal &times; Pl\u00e0tan de Can\u00e0ries 2,60&nbsp;&euro; Pl\u00e0tan de Can\u00e0ries&nbsp; cantidad 26,00&nbsp;&euro; &times; Taronja Navelina 2,00&nbsp;&euro; Taronja Navelina&nbsp; cantidad 2,00&nbsp;&euro; Actualizar carrito Aplicar cup\u00f3n Total del carrito Subtotal 28,00&nbsp;&euro; Env\u00edo Snail Express &#8211; 14:00: 9,22&nbsp;&euro;Entrega el 17\/12\/2024 abans de les 14:00 Snail Express &#8211; 19:00: 8,30&nbsp;&euro; MRW &#8211; [&hellip;]\" \/>\n<meta property=\"og:url\" content=\"https:\/\/gastroebre.es\/es\/carrito\/\" \/>\n<meta property=\"og:site_name\" content=\"Gastroebre\" \/>\n<meta property=\"article:modified_time\" content=\"2024-12-16T11:50:41+00:00\" \/>\n<meta property=\"og:image\" content=\"https:\/\/gastroebre-es-416274.hostingersite.com\/wp-content\/uploads\/2024\/11\/PLATAN-CANARIES-300x300.webp\" \/>\n<meta name=\"twitter:card\" content=\"summary_large_image\" \/>\n<meta name=\"twitter:label1\" content=\"Tiempo de lectura\" \/>\n\t<meta name=\"twitter:data1\" content=\"1 minuto\" \/>\n<script type=\"application\/ld+json\" class=\"yoast-schema-graph\">{\"@context\":\"https:\/\/schema.org\",\"@graph\":[{\"@type\":\"WebPage\",\"@id\":\"https:\/\/gastroebre.es\/es\/carrito\/\",\"url\":\"https:\/\/gastroebre.es\/es\/carrito\/\",\"name\":\"Carrito - Gastroebre\",\"isPartOf\":{\"@id\":\"https:\/\/gastroebre-es-416274.hostingersite.com\/#website\"},\"primaryImageOfPage\":{\"@id\":\"https:\/\/gastroebre.es\/es\/carrito\/#primaryimage\"},\"image\":{\"@id\":\"https:\/\/gastroebre.es\/es\/carrito\/#primaryimage\"},\"thumbnailUrl\":\"https:\/\/gastroebre.es\/wp-content\/uploads\/2024\/11\/PLATAN-CANARIES-300x300.webp\",\"datePublished\":\"2024-07-24T10:43:50+00:00\",\"dateModified\":\"2024-12-16T11:50:41+00:00\",\"breadcrumb\":{\"@id\":\"https:\/\/gastroebre.es\/es\/carrito\/#breadcrumb\"},\"inLanguage\":\"es\",\"potentialAction\":[{\"@type\":\"ReadAction\",\"target\":[\"https:\/\/gastroebre.es\/es\/carrito\/\"]}]},{\"@type\":\"ImageObject\",\"inLanguage\":\"es\",\"@id\":\"https:\/\/gastroebre.es\/es\/carrito\/#primaryimage\",\"url\":\"https:\/\/gastroebre.es\/wp-content\/uploads\/2024\/11\/PLATAN-CANARIES-300x300.webp\",\"contentUrl\":\"https:\/\/gastroebre.es\/wp-content\/uploads\/2024\/11\/PLATAN-CANARIES-300x300.webp\"},{\"@type\":\"BreadcrumbList\",\"@id\":\"https:\/\/gastroebre.es\/es\/carrito\/#breadcrumb\",\"itemListElement\":[{\"@type\":\"ListItem\",\"position\":1,\"name\":\"Portada\",\"item\":\"https:\/\/gastroebre.es\/es\/\"},{\"@type\":\"ListItem\",\"position\":2,\"name\":\"Carrito\"}]},{\"@type\":\"WebSite\",\"@id\":\"https:\/\/gastroebre-es-416274.hostingersite.com\/#website\",\"url\":\"https:\/\/gastroebre-es-416274.hostingersite.com\/\",\"name\":\"Gastroebre\",\"description\":\"\",\"publisher\":{\"@id\":\"https:\/\/gastroebre-es-416274.hostingersite.com\/#organization\"},\"potentialAction\":[{\"@type\":\"SearchAction\",\"target\":{\"@type\":\"EntryPoint\",\"urlTemplate\":\"https:\/\/gastroebre-es-416274.hostingersite.com\/?s={search_term_string}\"},\"query-input\":{\"@type\":\"PropertyValueSpecification\",\"valueRequired\":true,\"valueName\":\"search_term_string\"}}],\"inLanguage\":\"es\"},{\"@type\":\"Organization\",\"@id\":\"https:\/\/gastroebre-es-416274.hostingersite.com\/#organization\",\"name\":\"Gastroebre\",\"url\":\"https:\/\/gastroebre-es-416274.hostingersite.com\/\",\"logo\":{\"@type\":\"ImageObject\",\"inLanguage\":\"es\",\"@id\":\"https:\/\/gastroebre-es-416274.hostingersite.com\/#\/schema\/logo\/image\/\",\"url\":\"https:\/\/gastroebre.es\/wp-content\/uploads\/2024\/11\/cropped-GastroEbre.webp\",\"contentUrl\":\"https:\/\/gastroebre.es\/wp-content\/uploads\/2024\/11\/cropped-GastroEbre.webp\",\"width\":983,\"height\":196,\"caption\":\"Gastroebre\"},\"image\":{\"@id\":\"https:\/\/gastroebre-es-416274.hostingersite.com\/#\/schema\/logo\/image\/\"}}]}<\/script>\n<!-- \/ Yoast SEO plugin. -->","yoast_head_json":{"title":"Carrito - Gastroebre","robots":{"index":"noindex","follow":"follow"},"og_locale":"es_ES","og_type":"article","og_title":"Carrito - Gastroebre","og_description":"Eliminar art\u00edculo Imagen en miniatura Producto Precio Cantidad Subtotal &times; Pl\u00e0tan de Can\u00e0ries 2,60&nbsp;&euro; Pl\u00e0tan de Can\u00e0ries&nbsp; cantidad 26,00&nbsp;&euro; &times; Taronja Navelina 2,00&nbsp;&euro; Taronja Navelina&nbsp; cantidad 2,00&nbsp;&euro; Actualizar carrito Aplicar cup\u00f3n Total del carrito Subtotal 28,00&nbsp;&euro; Env\u00edo Snail Express &#8211; 14:00: 9,22&nbsp;&euro;Entrega el 17\/12\/2024 abans de les 14:00 Snail Express &#8211; 19:00: 8,30&nbsp;&euro; MRW &#8211; [&hellip;]","og_url":"https:\/\/gastroebre.es\/es\/carrito\/","og_site_name":"Gastroebre","article_modified_time":"2024-12-16T11:50:41+00:00","og_image":[{"url":"https:\/\/gastroebre-es-416274.hostingersite.com\/wp-content\/uploads\/2024\/11\/PLATAN-CANARIES-300x300.webp","type":"","width":"","height":""}],"twitter_card":"summary_large_image","twitter_misc":{"Tiempo de lectura":"1 minuto"},"schema":{"@context":"https:\/\/schema.org","@graph":[{"@type":"WebPage","@id":"https:\/\/gastroebre.es\/es\/carrito\/","url":"https:\/\/gastroebre.es\/es\/carrito\/","name":"Carrito - Gastroebre","isPartOf":{"@id":"https:\/\/gastroebre-es-416274.hostingersite.com\/#website"},"primaryImageOfPage":{"@id":"https:\/\/gastroebre.es\/es\/carrito\/#primaryimage"},"image":{"@id":"https:\/\/gastroebre.es\/es\/carrito\/#primaryimage"},"thumbnailUrl":"https:\/\/gastroebre.es\/wp-content\/uploads\/2024\/11\/PLATAN-CANARIES-300x300.webp","datePublished":"2024-07-24T10:43:50+00:00","dateModified":"2024-12-16T11:50:41+00:00","breadcrumb":{"@id":"https:\/\/gastroebre.es\/es\/carrito\/#breadcrumb"},"inLanguage":"es","potentialAction":[{"@type":"ReadAction","target":["https:\/\/gastroebre.es\/es\/carrito\/"]}]},{"@type":"ImageObject","inLanguage":"es","@id":"https:\/\/gastroebre.es\/es\/carrito\/#primaryimage","url":"https:\/\/gastroebre.es\/wp-content\/uploads\/2024\/11\/PLATAN-CANARIES-300x300.webp","contentUrl":"https:\/\/gastroebre.es\/wp-content\/uploads\/2024\/11\/PLATAN-CANARIES-300x300.webp"},{"@type":"BreadcrumbList","@id":"https:\/\/gastroebre.es\/es\/carrito\/#breadcrumb","itemListElement":[{"@type":"ListItem","position":1,"name":"Portada","item":"https:\/\/gastroebre.es\/es\/"},{"@type":"ListItem","position":2,"name":"Carrito"}]},{"@type":"WebSite","@id":"https:\/\/gastroebre-es-416274.hostingersite.com\/#website","url":"https:\/\/gastroebre-es-416274.hostingersite.com\/","name":"Gastroebre","description":"","publisher":{"@id":"https:\/\/gastroebre-es-416274.hostingersite.com\/#organization"},"potentialAction":[{"@type":"SearchAction","target":{"@type":"EntryPoint","urlTemplate":"https:\/\/gastroebre-es-416274.hostingersite.com\/?s={search_term_string}"},"query-input":{"@type":"PropertyValueSpecification","valueRequired":true,"valueName":"search_term_string"}}],"inLanguage":"es"},{"@type":"Organization","@id":"https:\/\/gastroebre-es-416274.hostingersite.com\/#organization","name":"Gastroebre","url":"https:\/\/gastroebre-es-416274.hostingersite.com\/","logo":{"@type":"ImageObject","inLanguage":"es","@id":"https:\/\/gastroebre-es-416274.hostingersite.com\/#\/schema\/logo\/image\/","url":"https:\/\/gastroebre.es\/wp-content\/uploads\/2024\/11\/cropped-GastroEbre.webp","contentUrl":"https:\/\/gastroebre.es\/wp-content\/uploads\/2024\/11\/cropped-GastroEbre.webp","width":983,"height":196,"caption":"Gastroebre"},"image":{"@id":"https:\/\/gastroebre-es-416274.hostingersite.com\/#\/schema\/logo\/image\/"}}]}},"_links":{"self":[{"href":"https:\/\/gastroebre.es\/es\/wp-json\/wp\/v2\/pages\/1422","targetHints":{"allow":["GET"]}}],"collection":[{"href":"https:\/\/gastroebre.es\/es\/wp-json\/wp\/v2\/pages"}],"about":[{"href":"https:\/\/gastroebre.es\/es\/wp-json\/wp\/v2\/types\/page"}],"author":[{"embeddable":true,"href":"https:\/\/gastroebre.es\/es\/wp-json\/wp\/v2\/users\/1"}],"replies":[{"embeddable":true,"href":"https:\/\/gastroebre.es\/es\/wp-json\/wp\/v2\/comments?post=1422"}],"version-history":[{"count":4,"href":"https:\/\/gastroebre.es\/es\/wp-json\/wp\/v2\/pages\/1422\/revisions"}],"predecessor-version":[{"id":1834,"href":"https:\/\/gastroebre.es\/es\/wp-json\/wp\/v2\/pages\/1422\/revisions\/1834"}],"wp:attachment":[{"href":"https:\/\/gastroebre.es\/es\/wp-json\/wp\/v2\/media?parent=1422"}],"curies":[{"name":"wp","href":"https:\/\/api.w.org\/{rel}","templated":true}]}}